{"id":1002,"date":"2019-03-26T14:58:58","date_gmt":"2019-03-26T14:58:58","guid":{"rendered":"http:\/\/www.aemc.pt\/portal\/?page_id=1002"},"modified":"2024-09-20T11:48:11","modified_gmt":"2024-09-20T10:48:11","slug":"comissao-de-protecao-de-criancas-e-jovens","status":"publish","type":"page","link":"http:\/\/www.aemc.pt\/portal\/index.php\/comissao-de-protecao-de-criancas-e-jovens\/","title":{"rendered":"Comiss\u00e3o de Prote\u00e7\u00e3o de Crian\u00e7as e Jovens"},"content":{"rendered":"\n<blockquote class=\"wp-block-quote is-layout-flow wp-block-quote-is-layout-flow\">\n<p>A Comiss\u00e3o de Prote\u00e7\u00e3o de Crian\u00e7as e Jovens de Macedo de Cavaleiros \u00e9 uma entidade n\u00e3o judici\u00e1ria, com autonomia funcional, que visa promover os direitos de uma crian\u00e7a ou jovem que se encontre numa situa\u00e7\u00e3o de perigo.<\/p>\n<\/blockquote>\n\n\n\n<p><span style=\"color: #800080;\"><strong>Sinaliza\u00e7\u00e3o \/ den\u00fancia de situa\u00e7\u00f5es<\/strong><\/span><\/p>\n\n\n\n<p>A den\u00fancia de uma suspeita de maus tratos a uma crian\u00e7a\/jovem \u00e9 uma tentativa respons\u00e1vel e um exerc\u00edcio de cidadania para proteger essa crian\u00e7a ou esse jovem.<\/p>\n\n\n\n<p>De salientar que, para al\u00e9m de um dever c\u00edvico, a comunica\u00e7\u00e3o destas situa\u00e7\u00f5es que ponham em risco a vida, a integridade f\u00edsica ou ps\u00edquica da crian\u00e7a, constitui uma obriga\u00e7\u00e3o para qualquer pessoa (artigo n.\u00ba 66, n.\u00ba2 Lei de Prote\u00e7\u00e3o de Crian\u00e7as e Jovens em Perigo).<\/p>\n\n\n\n<p>De acordo com o Estatuto do Aluno e restante legisla\u00e7\u00e3o, nomeadamente com o princ\u00edpio de subsidiariedade, al\u00ednea j) do artigo 4.\u00ba da Lei n.\u00ba 147\/99, de 1 de setembro, os Estabelecimentos de Educa\u00e7\u00e3o e de Ensino (como entidade de 1.\u00aa linha) fazem a sua interven\u00e7\u00e3o com vista \u00e0 promo\u00e7\u00e3o dos direitos e \u00e0 protec\u00e7\u00e3o das crian\u00e7as e dos jovens.<\/p>\n\n\n\n<p>Nas situa\u00e7\u00f5es de alunos que, ap\u00f3s a interven\u00e7\u00e3o, haja necessidade da situa\u00e7\u00e3o ser comunicada \u00e0 CPCJ, para interven\u00e7\u00e3o desta ou aplica\u00e7\u00e3o de uma medida, poder\u00e3o utilizar o formul\u00e1rio de sinaliza\u00e7\u00e3o.<\/p>\n\n\n\n<p><i class=\"far fa-file-pdf\"><\/i><a href=\"http:\/\/www.aemc.pt\/portal\/wp-content\/uploads\/2019\/03\/ficha_sinalizacao.pdf\" target=\"_blank\" rel=\"noopener noreferrer\"> Formul\u00e1rio de Sinaliza\u00e7\u00e3o  <\/a><\/p>\n\n\n\n<p><i class=\"far fa-file-pdf\"><\/i><a href=\"http:\/\/www.aemc.pt\/portal\/wp-content\/uploads\/2022\/10\/PLANOMACEDO_merged.pdf\" target=\"_blank\" rel=\"noopener noreferrer\"> Plano Estrat\u00e9gico Local de Promo\u00e7\u00e3o dos Direitos das Crian\u00e7as  <\/a><\/p>\n\n\n\n<br><br>\n\n\n\n<p><span style=\"color: #800080;\"><strong>Contactos:<\/strong><\/span><br><span style=\"color: #3366ff;\"><strong>Ant\u00f3nio do Nascimento Mesquita<\/strong><\/span><br>Representante da Educa\u00e7\u00e3o na CPCJ de Macedo de Cavaleiros<\/p>\n\n\n\n<p>Tel. 278 420 420 \/ Tlm. 916 635 590<br>e-mail: <a class=\"ContentPasted0\" data-auth=\"NotApplicable\" data-safelink=\"true\" data-linkindex=\"0\" href=\"mailto:cpcj.macedocavaleiros@cnpdpcj.pt\" target=\"_blank\" rel=\"noopener noreferrer\">cpcj.macedocavaleiros@cnpdpcj.pt<\/a><\/p>\n\n\n\n<br><br><br><br><br><br>\n","protected":false},"excerpt":{"rendered":"<p>A Comiss\u00e3o de Prote\u00e7\u00e3o de Crian\u00e7as e Jovens de Macedo de Cavaleiros \u00e9 uma entidade n\u00e3o judici\u00e1ria, com autonomia funcional,<\/p>\n","protected":false},"author":1,"featured_media":1004,"parent":0,"menu_order":0,"comment_status":"closed","ping_status":"closed","template":"","meta":{"colormag_page_container_layout":"no_sidebar_full_width","colormag_page_sidebar_layout":"no_sidebar","ngg_post_thumbnail":0,"iawp_total_views":111,"footnotes":"","_links_to":"","_links_to_target":""},"class_list":["post-1002","page","type-page","status-publish","has-post-thumbnail","hentry"],"_links":{"self":[{"href":"http:\/\/www.aemc.pt\/portal\/index.php\/wp-json\/wp\/v2\/pages\/1002","targetHints":{"allow":["GET"]}}],"collection":[{"href":"http:\/\/www.aemc.pt\/portal\/index.php\/wp-json\/wp\/v2\/pages"}],"about":[{"href":"http:\/\/www.aemc.pt\/portal\/index.php\/wp-json\/wp\/v2\/types\/page"}],"author":[{"embeddable":true,"href":"http:\/\/www.aemc.pt\/portal\/index.php\/wp-json\/wp\/v2\/users\/1"}],"replies":[{"embeddable":true,"href":"http:\/\/www.aemc.pt\/portal\/index.php\/wp-json\/wp\/v2\/comments?post=1002"}],"version-history":[{"count":18,"href":"http:\/\/www.aemc.pt\/portal\/index.php\/wp-json\/wp\/v2\/pages\/1002\/revisions"}],"predecessor-version":[{"id":7226,"href":"http:\/\/www.aemc.pt\/portal\/index.php\/wp-json\/wp\/v2\/pages\/1002\/revisions\/7226"}],"wp:featuredmedia":[{"embeddable":true,"href":"http:\/\/www.aemc.pt\/portal\/index.php\/wp-json\/wp\/v2\/media\/1004"}],"wp:attachment":[{"href":"http:\/\/www.aemc.pt\/portal\/index.php\/wp-json\/wp\/v2\/media?parent=1002"}],"curies":[{"name":"wp","href":"https:\/\/api.w.org\/{rel}","templated":true}]}}