{"id":1015,"date":"2019-03-26T15:42:07","date_gmt":"2019-03-26T15:42:07","guid":{"rendered":"http:\/\/www.aemc.pt\/portal\/?page_id=1015"},"modified":"2020-09-27T18:29:16","modified_gmt":"2020-09-27T17:29:16","slug":"servicos-de-acao-social-escolar","status":"publish","type":"page","link":"http:\/\/www.aemc.pt\/portal\/index.php\/servicos-de-acao-social-escolar\/","title":{"rendered":"Servi\u00e7os de A\u00e7\u00e3o Social Escolar"},"content":{"rendered":"<blockquote>\n<p>A A\u00e7\u00e3o Social Escolar (ASE) traduz-se num conjunto de medidas destinadas a garantir a igualdade de oportunidades de acesso e sucesso escolares a todos os alunos dos ensinos b\u00e1sico e secund\u00e1rio, e a promover medidas de apoio socioeducativo destinadas aos alunos de agregados familiares cuja situa\u00e7\u00e3o econ\u00f3mica determina a necessidade de comparticipa\u00e7\u00f5es financeiras.<\/p>\n<\/blockquote>\n<p>&nbsp;<\/p>\n<p><span style=\"color: #800080;\"><strong>Alimenta\u00e7\u00e3o<\/strong><\/span><\/p>\n<p>No \u00e2mbito da A\u00e7\u00e3o Social Escolar, constituem modalidades de apoio alimentar, os refeit\u00f3rios escolares, os bufetes escolares e o Programa Leite Escolar.<\/p>\n<p>&nbsp;<\/p>\n<p><span style=\"color: #800080;\"><strong>Seguro Escolar<\/strong><\/span><\/p>\n<p>O seguro Escolar constitui uma modalidade de apoio socioeducativo complementar aos apoios assegurados pelo sistema nacional de sa\u00fade, de que s\u00e3o benefici\u00e1rias as crian\u00e7as que frequentam a educa\u00e7\u00e3o pr\u00e9-escolar e os alunos dos ensinos b\u00e1sico e secund\u00e1rio da rede p\u00fablica.<\/p>\n<p>&nbsp;<\/p>\n<p><span style=\"color: #800080;\"><strong>Alojamento<\/strong><\/span><\/p>\n<p>Para assegurar o cumprimento da escolaridade obrigat\u00f3ria aos alunos que necessitem de se deslocar do seu agregado familiar durante o per\u00edodo de frequ\u00eancia da escola, organiza-se um servi\u00e7o de apoio ao alojamento.<\/p>\n<p>&nbsp;<\/p>\n<p><strong><span style=\"color: #800080;\">Aux\u00edlios Econ\u00f3micos<\/span><\/strong><\/p>\n<p>Constituem uma modalidade de a\u00e7\u00e3o social escolar de que beneficiam as crian\u00e7as que frequentam a educa\u00e7\u00e3o pr\u00e9-escolar e os alunos dos ensinos b\u00e1sico e secund\u00e1rio pertencentes a agregados familiares cuja condi\u00e7\u00e3o socioecon\u00f3mica n\u00e3o lhes permite suportar integralmente os encargos decorrentes da frequ\u00eancia da escola, tais como refei\u00e7\u00f5es, livros e material escolar e alojamento.<\/p>\n<p>&nbsp;<\/p>\n<p><strong><span style=\"color: #800080;\">Transportes Escolares<\/span><\/strong><\/p>\n<p>Para os alunos que n\u00e3o possam utilizar o transporte p\u00fablico coletivo para a sua desloca\u00e7\u00e3o entre a sua resid\u00eancia e o estabelecimento de ensino que frequentam, \u00e9 facultado um servi\u00e7o adequado de transportes escolares.<br>\nA organiza\u00e7\u00e3o e o controlo do funcionamento dos transportes escolares s\u00e3o da compet\u00eancia dos munic\u00edpios da \u00e1rea de resid\u00eancia dos alunos.<\/p>\n<p>&nbsp;<\/p>\n<p><span style=\"color: #800080;\"><strong>Legisla\u00e7\u00e3o<\/strong><\/span><\/p>\n<p><a href=\"https:\/\/www.dge.mec.pt\/sites\/default\/files\/AccaoSocialEscolar\/dl_55_2009.pdf\" target=\"_blank\" rel=\"noopener noreferrer\">Decreto-Lei n.\u00ba 55\/2009, de 2 de Mar\u00e7o<\/a> &#8211; Estabelece o regime jur\u00eddico aplic\u00e1vel \u00e0 atribui\u00e7\u00e3o e ao funcionamento dos apoios no \u00e2mbito da A\u00e7\u00e3o Social Escolar.<br>\n<a href=\"https:\/\/www.dge.mec.pt\/sites\/default\/files\/Esaude\/despacho_8452-a_2015.pdf\" target=\"_blank\" rel=\"noopener noreferrer\">Despacho 8452-A\/2015, de 31 de julho<\/a> &#8211; Regula as condi\u00e7\u00f5es de aplica\u00e7\u00e3o das medidas de a\u00e7\u00e3o social escolar, da responsabilidade do Minist\u00e9rio da Educa\u00e7\u00e3o e dos Munic\u00edpios.<br>\n<a href=\"https:\/\/www.dge.mec.pt\/sites\/default\/files\/Esaude\/despacho_n.o_5296_2017_ase.pdf\" target=\"_blank\" rel=\"noopener noreferrer\">Despacho n.\u00ba 5296\/2017, de 16 de junho<\/a> &#8211; Procede \u00e0 altera\u00e7\u00e3o do Despacho n.\u00ba 8452-A\/2015, de 31 de julho<br>\n<a href=\"https:\/\/www.dge.mec.pt\/sites\/default\/files\/Esaude\/retificacao_451_2017_alt_desp5296_2017.pdf\" target=\"_blank\" rel=\"noopener noreferrer\">Retifica\u00e7\u00e3o n\u00ba 451\/2017<\/a> do Despacho n.\u00ba 5296\/2017de 16 de junho<\/p>\n<p>&nbsp;<\/p>\n<p>&nbsp;<\/p>\n<p>&nbsp;<\/p>\n\n\n<br><br><br><br><br><br>\n","protected":false},"excerpt":{"rendered":"<p>A A\u00e7\u00e3o Social Escolar (ASE) traduz-se num conjunto de medidas destinadas a garantir a igualdade de oportunidades de acesso e<\/p>\n","protected":false},"author":1,"featured_media":1019,"parent":0,"menu_order":0,"comment_status":"closed","ping_status":"closed","template":"","meta":{"colormag_page_container_layout":"no_sidebar_content_centered","colormag_page_sidebar_layout":"no_sidebar","ngg_post_thumbnail":0,"iawp_total_views":66,"footnotes":"","_links_to":"","_links_to_target":""},"class_list":["post-1015","page","type-page","status-publish","has-post-thumbnail","hentry"],"_links":{"self":[{"href":"http:\/\/www.aemc.pt\/portal\/index.php\/wp-json\/wp\/v2\/pages\/1015","targetHints":{"allow":["GET"]}}],"collection":[{"href":"http:\/\/www.aemc.pt\/portal\/index.php\/wp-json\/wp\/v2\/pages"}],"about":[{"href":"http:\/\/www.aemc.pt\/portal\/index.php\/wp-json\/wp\/v2\/types\/page"}],"author":[{"embeddable":true,"href":"http:\/\/www.aemc.pt\/portal\/index.php\/wp-json\/wp\/v2\/users\/1"}],"replies":[{"embeddable":true,"href":"http:\/\/www.aemc.pt\/portal\/index.php\/wp-json\/wp\/v2\/comments?post=1015"}],"version-history":[{"count":4,"href":"http:\/\/www.aemc.pt\/portal\/index.php\/wp-json\/wp\/v2\/pages\/1015\/revisions"}],"predecessor-version":[{"id":3445,"href":"http:\/\/www.aemc.pt\/portal\/index.php\/wp-json\/wp\/v2\/pages\/1015\/revisions\/3445"}],"wp:featuredmedia":[{"embeddable":true,"href":"http:\/\/www.aemc.pt\/portal\/index.php\/wp-json\/wp\/v2\/media\/1019"}],"wp:attachment":[{"href":"http:\/\/www.aemc.pt\/portal\/index.php\/wp-json\/wp\/v2\/media?parent=1015"}],"curies":[{"name":"wp","href":"https:\/\/api.w.org\/{rel}","templated":true}]}}