{"id":1020,"date":"2019-03-26T15:58:58","date_gmt":"2019-03-26T15:58:58","guid":{"rendered":"http:\/\/www.aemc.pt\/portal\/?page_id=1020"},"modified":"2023-02-27T17:29:21","modified_gmt":"2023-02-27T16:29:21","slug":"biblioteca-escolar","status":"publish","type":"page","link":"http:\/\/www.aemc.pt\/portal\/index.php\/biblioteca-escolar\/","title":{"rendered":"Biblioteca Escolar"},"content":{"rendered":"<blockquote>\n<p>As bibliotecas do Agrupamento de Escolas de Macedo de Cavaleiros est\u00e3o integradas na Rede de Bibliotecas Escolares.<\/p>\n<\/blockquote>\n<p>O servi\u00e7o de biblioteca \u00e9 assegurado em todo o agrupamento atrav\u00e9s da disponibiliza\u00e7\u00e3o de recursos e da realiza\u00e7\u00e3o de atividades.<br><br>S\u00edtio da Biblioteca Escolar na internet:&nbsp;<a href=\"https:\/\/beaemc.wixsite.com\/biblioteca\" target=\"_blank\" rel=\"noreferrer noopener\">https:\/\/beaemc.wixsite.com\/biblioteca<\/a><\/p>\n<p>&nbsp;<\/p>\n<p><span style=\"color: #800080;\"><strong>Professores Bibliotec\u00e1rios<\/strong><\/span><\/p>\n<p>Eunice Paulo<\/p>\n<p>Joel Casteleira<\/p>\n<p>&nbsp;<\/p>\n<p style=\"text-align: center;\"><span style=\"color: #3366ff;\"><strong>Bibliotecas Escolares do Agrupamento<\/strong><\/span><\/p>\n<p>&nbsp;<\/p>\n<p style=\"text-align: center;\"><em>Biblioteca da Escola B\u00e1sica em Morais (integrada na rede em 2006)<br><\/em><img loading=\"lazy\" decoding=\"async\" class=\"alignnone size-large wp-image-5259\" style=\"font-size: inherit;\" src=\"http:\/\/www.aemc.pt\/portal\/wp-content\/uploads\/2023\/02\/BE-morais-1024x768.jpg\" alt=\"\" width=\"800\" height=\"600\" srcset=\"http:\/\/www.aemc.pt\/portal\/wp-content\/uploads\/2023\/02\/BE-morais-1024x768.jpg 1024w, http:\/\/www.aemc.pt\/portal\/wp-content\/uploads\/2023\/02\/BE-morais-300x225.jpg 300w, http:\/\/www.aemc.pt\/portal\/wp-content\/uploads\/2023\/02\/BE-morais-768x576.jpg 768w, http:\/\/www.aemc.pt\/portal\/wp-content\/uploads\/2023\/02\/BE-morais.jpg 1120w\" sizes=\"auto, (max-width: 800px) 100vw, 800px\" \/><\/p>\n<p>&nbsp;<\/p>\n<p style=\"text-align: center;\"><em>Biblioteca do Polo &#8211; 01 em Macedo de Cavaleiros (integrada na rede em 2009)<br><img loading=\"lazy\" decoding=\"async\" class=\"alignnone size-large wp-image-5260\" src=\"http:\/\/www.aemc.pt\/portal\/wp-content\/uploads\/2023\/02\/BE-polo-1-1024x768.jpg\" alt=\"\" width=\"800\" height=\"600\" srcset=\"http:\/\/www.aemc.pt\/portal\/wp-content\/uploads\/2023\/02\/BE-polo-1-1024x768.jpg 1024w, http:\/\/www.aemc.pt\/portal\/wp-content\/uploads\/2023\/02\/BE-polo-1-300x225.jpg 300w, http:\/\/www.aemc.pt\/portal\/wp-content\/uploads\/2023\/02\/BE-polo-1-768x576.jpg 768w, http:\/\/www.aemc.pt\/portal\/wp-content\/uploads\/2023\/02\/BE-polo-1.jpg 1120w\" sizes=\"auto, (max-width: 800px) 100vw, 800px\" \/><\/em><\/p>\n<p>&nbsp;<\/p>\n<p style=\"text-align: center;\"><em>Biblioteca do Polo &#8211; 02 em Macedo de Cavaleiros (integrada na rede em 2003)<br><img loading=\"lazy\" decoding=\"async\" class=\"alignnone size-large wp-image-5261\" src=\"http:\/\/www.aemc.pt\/portal\/wp-content\/uploads\/2023\/02\/BE-polo-2-1024x768.jpg\" alt=\"\" width=\"800\" height=\"600\" srcset=\"http:\/\/www.aemc.pt\/portal\/wp-content\/uploads\/2023\/02\/BE-polo-2-1024x768.jpg 1024w, http:\/\/www.aemc.pt\/portal\/wp-content\/uploads\/2023\/02\/BE-polo-2-300x225.jpg 300w, http:\/\/www.aemc.pt\/portal\/wp-content\/uploads\/2023\/02\/BE-polo-2-768x576.jpg 768w, http:\/\/www.aemc.pt\/portal\/wp-content\/uploads\/2023\/02\/BE-polo-2.jpg 1120w\" sizes=\"auto, (max-width: 800px) 100vw, 800px\" \/><\/em><\/p>\n<p>&nbsp;<\/p>\n<p style=\"text-align: center;\"><em>Biblioteca do Polo &#8211; 03 em Macedo de Cavaleiros (integrada na rede em 2003)<br><img loading=\"lazy\" decoding=\"async\" class=\"alignnone size-large wp-image-5262\" src=\"http:\/\/www.aemc.pt\/portal\/wp-content\/uploads\/2023\/02\/BE-polo-3-1024x768.jpg\" alt=\"\" width=\"800\" height=\"600\" srcset=\"http:\/\/www.aemc.pt\/portal\/wp-content\/uploads\/2023\/02\/BE-polo-3-1024x768.jpg 1024w, http:\/\/www.aemc.pt\/portal\/wp-content\/uploads\/2023\/02\/BE-polo-3-300x225.jpg 300w, http:\/\/www.aemc.pt\/portal\/wp-content\/uploads\/2023\/02\/BE-polo-3-768x576.jpg 768w, http:\/\/www.aemc.pt\/portal\/wp-content\/uploads\/2023\/02\/BE-polo-3.jpg 1120w\" sizes=\"auto, (max-width: 800px) 100vw, 800px\" \/><br><\/em><\/p>\n<p>&nbsp;<\/p>\n<p style=\"text-align: left;\"><a href=\"http:\/\/www.aemc.pt\/portal\/index.php\/2017\/10\/18\/guia-do-utilizador-da-biblioteca-escolar\/\" target=\"_blank\" rel=\"noopener noreferrer\">Guia do Utilizador da Biblioteca<\/a><\/p>\n<p><a href=\"http:\/\/www.aemc.pt\/portal\/index.php\/2017\/10\/17\/regulamento-interno-da-biblioteca-escolar\/\" target=\"_blank\" rel=\"noopener noreferrer\">Regulamento Interno da Biblioteca Escolar<\/a><\/p>\n<p>&nbsp;<\/p>\n<p>&nbsp;<\/p>\n\n\n<br><br><br><br><br><br>\n","protected":false},"excerpt":{"rendered":"<p>As bibliotecas do Agrupamento de Escolas de Macedo de Cavaleiros est\u00e3o integradas na Rede de Bibliotecas Escolares. O servi\u00e7o de<\/p>\n","protected":false},"author":1,"featured_media":1021,"parent":0,"menu_order":0,"comment_status":"closed","ping_status":"closed","template":"","meta":{"colormag_page_container_layout":"no_sidebar_content_centered","colormag_page_sidebar_layout":"no_sidebar","ngg_post_thumbnail":0,"iawp_total_views":40,"footnotes":"","_links_to":"","_links_to_target":""},"class_list":["post-1020","page","type-page","status-publish","has-post-thumbnail","hentry"],"_links":{"self":[{"href":"http:\/\/www.aemc.pt\/portal\/index.php\/wp-json\/wp\/v2\/pages\/1020","targetHints":{"allow":["GET"]}}],"collection":[{"href":"http:\/\/www.aemc.pt\/portal\/index.php\/wp-json\/wp\/v2\/pages"}],"about":[{"href":"http:\/\/www.aemc.pt\/portal\/index.php\/wp-json\/wp\/v2\/types\/page"}],"author":[{"embeddable":true,"href":"http:\/\/www.aemc.pt\/portal\/index.php\/wp-json\/wp\/v2\/users\/1"}],"replies":[{"embeddable":true,"href":"http:\/\/www.aemc.pt\/portal\/index.php\/wp-json\/wp\/v2\/comments?post=1020"}],"version-history":[{"count":13,"href":"http:\/\/www.aemc.pt\/portal\/index.php\/wp-json\/wp\/v2\/pages\/1020\/revisions"}],"predecessor-version":[{"id":5264,"href":"http:\/\/www.aemc.pt\/portal\/index.php\/wp-json\/wp\/v2\/pages\/1020\/revisions\/5264"}],"wp:featuredmedia":[{"embeddable":true,"href":"http:\/\/www.aemc.pt\/portal\/index.php\/wp-json\/wp\/v2\/media\/1021"}],"wp:attachment":[{"href":"http:\/\/www.aemc.pt\/portal\/index.php\/wp-json\/wp\/v2\/media?parent=1020"}],"curies":[{"name":"wp","href":"https:\/\/api.w.org\/{rel}","templated":true}]}}