{"id":1153,"date":"2019-04-01T20:30:48","date_gmt":"2019-04-01T20:30:48","guid":{"rendered":"http:\/\/www.aemc.pt\/portal\/?page_id=1153"},"modified":"2020-09-27T19:17:02","modified_gmt":"2020-09-27T18:17:02","slug":"associacao-de-estudantes","status":"publish","type":"page","link":"http:\/\/www.aemc.pt\/portal\/index.php\/associacao-de-estudantes\/","title":{"rendered":"Associa\u00e7\u00e3o de Estudantes"},"content":{"rendered":"<blockquote>\n<p>Associa\u00e7\u00e3o de Estudantes do Agrupamento de Escolas de Macedo de Cavaleiros.<\/p>\n<\/blockquote>\n\n\n<p>em atualiza\u00e7\u00e3o\u2026<\/p>\n\n\n\n<br><br><br><br><br><br>\n","protected":false},"excerpt":{"rendered":"<p>Associa\u00e7\u00e3o de Estudantes do Agrupamento de Escolas de Macedo de Cavaleiros. em atualiza\u00e7\u00e3o\u2026<\/p>\n","protected":false},"author":1,"featured_media":1154,"parent":0,"menu_order":0,"comment_status":"closed","ping_status":"closed","template":"","meta":{"colormag_page_container_layout":"no_sidebar_content_centered","colormag_page_sidebar_layout":"no_sidebar","ngg_post_thumbnail":0,"iawp_total_views":55,"footnotes":"","_links_to":"","_links_to_target":""},"class_list":["post-1153","page","type-page","status-publish","has-post-thumbnail","hentry"],"_links":{"self":[{"href":"http:\/\/www.aemc.pt\/portal\/index.php\/wp-json\/wp\/v2\/pages\/1153","targetHints":{"allow":["GET"]}}],"collection":[{"href":"http:\/\/www.aemc.pt\/portal\/index.php\/wp-json\/wp\/v2\/pages"}],"about":[{"href":"http:\/\/www.aemc.pt\/portal\/index.php\/wp-json\/wp\/v2\/types\/page"}],"author":[{"embeddable":true,"href":"http:\/\/www.aemc.pt\/portal\/index.php\/wp-json\/wp\/v2\/users\/1"}],"replies":[{"embeddable":true,"href":"http:\/\/www.aemc.pt\/portal\/index.php\/wp-json\/wp\/v2\/comments?post=1153"}],"version-history":[{"count":2,"href":"http:\/\/www.aemc.pt\/portal\/index.php\/wp-json\/wp\/v2\/pages\/1153\/revisions"}],"predecessor-version":[{"id":3465,"href":"http:\/\/www.aemc.pt\/portal\/index.php\/wp-json\/wp\/v2\/pages\/1153\/revisions\/3465"}],"wp:featuredmedia":[{"embeddable":true,"href":"http:\/\/www.aemc.pt\/portal\/index.php\/wp-json\/wp\/v2\/media\/1154"}],"wp:attachment":[{"href":"http:\/\/www.aemc.pt\/portal\/index.php\/wp-json\/wp\/v2\/media?parent=1153"}],"curies":[{"name":"wp","href":"https:\/\/api.w.org\/{rel}","templated":true}]}}