{"id":1156,"date":"2019-04-01T20:54:41","date_gmt":"2019-04-01T20:54:41","guid":{"rendered":"http:\/\/www.aemc.pt\/portal\/?page_id=1156"},"modified":"2024-06-10T14:56:35","modified_gmt":"2024-06-10T13:56:35","slug":"autonomia-e-flexibilidade-curricular","status":"publish","type":"page","link":"http:\/\/www.aemc.pt\/portal\/index.php\/autonomia-e-flexibilidade-curricular\/","title":{"rendered":"Autonomia e Flexibilidade Curricular"},"content":{"rendered":"\n<blockquote class=\"wp-block-quote is-layout-flow wp-block-quote-is-layout-flow\">\n<p>No \u00e2mbito das prioridades definidas no Programa do XXI Governo Constitucional para a \u00e1rea da educa\u00e7\u00e3o, foi autorizada, em regime de experi\u00eancia pedag\u00f3gica, a implementa\u00e7\u00e3o do projeto de autonomia e flexibilidade curricular dos ensinos b\u00e1sico e secund\u00e1rio, no ano escolar de 2017-2018 (<a href=\"http:\/\/www.dge.mec.pt\/sites\/default\/files\/Curriculo\/Projeto_Autonomia_e_Flexibilidade\/despacho_5908_2017.pdf\" target=\"_blank\" rel=\"noopener noreferrer\">Despacho n.\u00ba 5908\/2017, de 5 de julho<\/a>).<\/p>\n<\/blockquote>\n\n\n\n<p>Este projeto abrange os estabelecimentos de ensino da rede p\u00fablica e privada, cujos \u00f3rg\u00e3os de dire\u00e7\u00e3o, administra\u00e7\u00e3o e gest\u00e3o manifestem interesse na implementa\u00e7\u00e3o do mesmo e visa a promo\u00e7\u00e3o de melhores aprendizagens indutoras do desenvolvimento de compet\u00eancias de n\u00edvel mais elevado, assumindo a centralidade das escolas, dos seus alunos e professores, e permitindo a gest\u00e3o do curr\u00edculo de forma flex\u00edvel e contextualizada, reconhecendo que o exerc\u00edcio efetivo de autonomia em educa\u00e7\u00e3o s\u00f3 \u00e9 plenamente garantido se o objeto dessa autonomia for o curr\u00edculo.<\/p>\n\n\n\n<p><span style=\"color: #800080;\"><strong>Liga\u00e7\u00f5es \u00fateis:<\/strong><\/span><\/p>\n\n\n\n<p><i class=\"far fa-file-pdf\"><\/i><a href=\"http:\/\/www.dge.mec.pt\/sites\/default\/files\/Curriculo\/Projeto_Autonomia_e_Flexibilidade\/perfil_dos_alunos.pdf\" target=\"_blank\" rel=\"noopener noreferrer\"> PASEO &#8211; Perfil dos Alunos \u00e0 Sa\u00edda da Escolaridade Obrigat\u00f3ria<\/a><\/p>\n\n\n\n<p><i class=\"far fa-file-pdf\"><\/i><a href=\"http:\/\/www.dge.mec.pt\/sites\/default\/files\/Curriculo\/Projeto_Autonomia_e_Flexibilidade\/ae_documento_enquadrador.pdf\" target=\"_blank\" rel=\"noopener noreferrer\"> Aprendizagens Essenciais<\/a><\/p>\n\n\n\n<p><i class=\"far fa-file-pdf\"><\/i><a href=\"http:\/\/www.dge.mec.pt\/sites\/default\/files\/Projetos_Curriculares\/Aprendizagens_Essenciais\/estrategia_cidadania_original.pdf\" target=\"_blank\" rel=\"noopener noreferrer\"> Estrat\u00e9gia Nacional de Educa\u00e7\u00e3o para a Cidadania<\/a><\/p>\n\n\n\n<p><i class=\"far fa-file-pdf\"><\/i><a href=\"http:\/\/www.dge.mec.pt\/sites\/default\/files\/Curriculo\/Projeto_Autonomia_e_Flexibilidade\/estudo_pafc.pdf\" target=\"_blank\" rel=\"noopener noreferrer\"> Estudo Avaliativo da Experi\u00eancia Pedag\u00f3gica PACF<\/a><\/p>\n\n\n\n<br><br><br><br><br><br>\n","protected":false},"excerpt":{"rendered":"<p>No \u00e2mbito das prioridades definidas no Programa do XXI Governo Constitucional para a \u00e1rea da educa\u00e7\u00e3o, foi autorizada, em regime<\/p>\n","protected":false},"author":1,"featured_media":1157,"parent":0,"menu_order":0,"comment_status":"closed","ping_status":"closed","template":"","meta":{"colormag_page_container_layout":"no_sidebar_full_width","colormag_page_sidebar_layout":"no_sidebar","ngg_post_thumbnail":0,"iawp_total_views":136,"footnotes":"","_links_to":"","_links_to_target":""},"class_list":["post-1156","page","type-page","status-publish","has-post-thumbnail","hentry"],"_links":{"self":[{"href":"http:\/\/www.aemc.pt\/portal\/index.php\/wp-json\/wp\/v2\/pages\/1156","targetHints":{"allow":["GET"]}}],"collection":[{"href":"http:\/\/www.aemc.pt\/portal\/index.php\/wp-json\/wp\/v2\/pages"}],"about":[{"href":"http:\/\/www.aemc.pt\/portal\/index.php\/wp-json\/wp\/v2\/types\/page"}],"author":[{"embeddable":true,"href":"http:\/\/www.aemc.pt\/portal\/index.php\/wp-json\/wp\/v2\/users\/1"}],"replies":[{"embeddable":true,"href":"http:\/\/www.aemc.pt\/portal\/index.php\/wp-json\/wp\/v2\/comments?post=1156"}],"version-history":[{"count":6,"href":"http:\/\/www.aemc.pt\/portal\/index.php\/wp-json\/wp\/v2\/pages\/1156\/revisions"}],"predecessor-version":[{"id":7020,"href":"http:\/\/www.aemc.pt\/portal\/index.php\/wp-json\/wp\/v2\/pages\/1156\/revisions\/7020"}],"wp:featuredmedia":[{"embeddable":true,"href":"http:\/\/www.aemc.pt\/portal\/index.php\/wp-json\/wp\/v2\/media\/1157"}],"wp:attachment":[{"href":"http:\/\/www.aemc.pt\/portal\/index.php\/wp-json\/wp\/v2\/media?parent=1156"}],"curies":[{"name":"wp","href":"https:\/\/api.w.org\/{rel}","templated":true}]}}