{"id":1200,"date":"2019-04-04T09:23:09","date_gmt":"2019-04-04T09:23:09","guid":{"rendered":"http:\/\/www.aemc.pt\/portal\/?page_id=1200"},"modified":"2025-11-01T20:10:47","modified_gmt":"2025-11-01T19:10:47","slug":"escolas","status":"publish","type":"page","link":"http:\/\/www.aemc.pt\/portal\/index.php\/escolas\/","title":{"rendered":"Escolas"},"content":{"rendered":"\n<blockquote class=\"wp-block-quote is-layout-flow wp-block-quote-is-layout-flow\">\n<p>Escolas do Agrupamento de Escolas de Macedo de Cavaleiros<\/p>\n<\/blockquote>\n\n\n\n<p>Um agrupamento de escolas \u00e9 uma unidade organizacional do sistema educativo de Portugal, dotada de \u00f3rg\u00e3os pr\u00f3prios de administra\u00e7\u00e3o e gest\u00e3o, constitu\u00edda por estabelecimentos de educa\u00e7\u00e3o pr\u00e9-escolar e de um ou mais n\u00edveis e ciclos de ensino, a partir de um projeto pedag\u00f3gico comum.<\/p>\n\n\n\n<p>&nbsp;<br>O Agrupamento de Escolas de Macedo de Cavaleiros abrange todos os Jardim-de-inf\u00e2ncia e Escolas E.B.1 do&nbsp;ensino&nbsp;p\u00fablico deste Munic\u00edpio, bem como a Escola B\u00e1sica e Secund\u00e1ria de Macedo de Cavaleiros. <\/p>\n\n\n\n<p>\u00c9 constitu\u00eddo por 9 estabelecimentos&nbsp;de ensino, distribu\u00eddos&nbsp;da seguinte forma:<\/p>\n\n\n\n<ul class=\"wp-block-list\">\n<li>EDUCA\u00c7\u00c3O PR\u00c9-ESCOLAR:\n<ul class=\"wp-block-list\">\n<li>Jardim de Inf\u00e2ncia de Travanca<\/li>\n\n\n\n<li>Jardim de Inf\u00e2ncia de Vale da Porca<\/li>\n<\/ul>\n<\/li>\n<\/ul>\n\n\n\n<ul class=\"wp-block-list\">\n<li>ESCOLA 1.\u00ba CICLO E EDUCA\u00c7\u00c3O PR\u00c9-ESCOLAR:\n<ul class=\"wp-block-list\">\n<li>Escola&nbsp;B\u00e1sica\/Jardim de Inf\u00e2ncia de Morais (EB1\/JI)<\/li>\n\n\n\n<li>Escola B\u00e1sica\/Jardim de Inf\u00e2ncia de Chacim (EB1\/JI)<\/li>\n\n\n\n<li>Escola B\u00e1sica de Macedo de Cavaleiros<\/li>\n<\/ul>\n<\/li>\n<\/ul>\n\n\n\n<ul class=\"wp-block-list\">\n<li>1\u00ba, 2\u00ba e&nbsp;3\u00ba CICLOS DO ENSINO B\u00c1SICO E ENSINO SECUND\u00c1RIO:\n<ul class=\"wp-block-list\">\n<li>Escola B\u00e1sica e Secund\u00e1ria de Macedo de Cavaleiros<\/li>\n<\/ul>\n<\/li>\n<\/ul>\n\n\n\n<br><br><br><br><br><br>\n\n\n\n<p><\/p>\n","protected":false},"excerpt":{"rendered":"<p>Escolas do Agrupamento de Escolas de Macedo de Cavaleiros Um agrupamento de escolas \u00e9 uma unidade organizacional do sistema educativo<\/p>\n","protected":false},"author":1,"featured_media":819,"parent":0,"menu_order":0,"comment_status":"closed","ping_status":"closed","template":"","meta":{"colormag_page_container_layout":"no_sidebar_content_centered","colormag_page_sidebar_layout":"no_sidebar","ngg_post_thumbnail":0,"iawp_total_views":632,"footnotes":"","_links_to":"","_links_to_target":""},"class_list":["post-1200","page","type-page","status-publish","has-post-thumbnail","hentry"],"_links":{"self":[{"href":"http:\/\/www.aemc.pt\/portal\/index.php\/wp-json\/wp\/v2\/pages\/1200","targetHints":{"allow":["GET"]}}],"collection":[{"href":"http:\/\/www.aemc.pt\/portal\/index.php\/wp-json\/wp\/v2\/pages"}],"about":[{"href":"http:\/\/www.aemc.pt\/portal\/index.php\/wp-json\/wp\/v2\/types\/page"}],"author":[{"embeddable":true,"href":"http:\/\/www.aemc.pt\/portal\/index.php\/wp-json\/wp\/v2\/users\/1"}],"replies":[{"embeddable":true,"href":"http:\/\/www.aemc.pt\/portal\/index.php\/wp-json\/wp\/v2\/comments?post=1200"}],"version-history":[{"count":17,"href":"http:\/\/www.aemc.pt\/portal\/index.php\/wp-json\/wp\/v2\/pages\/1200\/revisions"}],"predecessor-version":[{"id":8425,"href":"http:\/\/www.aemc.pt\/portal\/index.php\/wp-json\/wp\/v2\/pages\/1200\/revisions\/8425"}],"wp:featuredmedia":[{"embeddable":true,"href":"http:\/\/www.aemc.pt\/portal\/index.php\/wp-json\/wp\/v2\/media\/819"}],"wp:attachment":[{"href":"http:\/\/www.aemc.pt\/portal\/index.php\/wp-json\/wp\/v2\/media?parent=1200"}],"curies":[{"name":"wp","href":"https:\/\/api.w.org\/{rel}","templated":true}]}}