{"id":1232,"date":"2019-04-04T14:33:51","date_gmt":"2019-04-04T14:33:51","guid":{"rendered":"http:\/\/www.aemc.pt\/portal\/?page_id=1232"},"modified":"2020-09-27T18:28:41","modified_gmt":"2020-09-27T17:28:41","slug":"educacao-pre-escolar","status":"publish","type":"page","link":"http:\/\/www.aemc.pt\/portal\/index.php\/educacao-pre-escolar\/","title":{"rendered":"Educa\u00e7\u00e3o Pr\u00e9-escolar"},"content":{"rendered":"\n<blockquote class=\"wp-block-quote is-layout-flow wp-block-quote-is-layout-flow\"><p>em atualiza\u00e7\u00e3o&#8230;<\/p><\/blockquote>\n\n\n\n<br><br><br><br><br><br>\n","protected":false},"excerpt":{"rendered":"<p>em atualiza\u00e7\u00e3o&#8230;<\/p>\n","protected":false},"author":1,"featured_media":1233,"parent":0,"menu_order":0,"comment_status":"closed","ping_status":"closed","template":"","meta":{"colormag_page_container_layout":"no_sidebar_content_centered","colormag_page_sidebar_layout":"no_sidebar","ngg_post_thumbnail":0,"iawp_total_views":180,"footnotes":"","_links_to":"","_links_to_target":""},"class_list":["post-1232","page","type-page","status-publish","has-post-thumbnail","hentry"],"_links":{"self":[{"href":"http:\/\/www.aemc.pt\/portal\/index.php\/wp-json\/wp\/v2\/pages\/1232","targetHints":{"allow":["GET"]}}],"collection":[{"href":"http:\/\/www.aemc.pt\/portal\/index.php\/wp-json\/wp\/v2\/pages"}],"about":[{"href":"http:\/\/www.aemc.pt\/portal\/index.php\/wp-json\/wp\/v2\/types\/page"}],"author":[{"embeddable":true,"href":"http:\/\/www.aemc.pt\/portal\/index.php\/wp-json\/wp\/v2\/users\/1"}],"replies":[{"embeddable":true,"href":"http:\/\/www.aemc.pt\/portal\/index.php\/wp-json\/wp\/v2\/comments?post=1232"}],"version-history":[{"count":3,"href":"http:\/\/www.aemc.pt\/portal\/index.php\/wp-json\/wp\/v2\/pages\/1232\/revisions"}],"predecessor-version":[{"id":3444,"href":"http:\/\/www.aemc.pt\/portal\/index.php\/wp-json\/wp\/v2\/pages\/1232\/revisions\/3444"}],"wp:featuredmedia":[{"embeddable":true,"href":"http:\/\/www.aemc.pt\/portal\/index.php\/wp-json\/wp\/v2\/media\/1233"}],"wp:attachment":[{"href":"http:\/\/www.aemc.pt\/portal\/index.php\/wp-json\/wp\/v2\/media?parent=1232"}],"curies":[{"name":"wp","href":"https:\/\/api.w.org\/{rel}","templated":true}]}}