{"id":1247,"date":"2019-04-04T15:17:58","date_gmt":"2019-04-04T15:17:58","guid":{"rendered":"http:\/\/www.aemc.pt\/portal\/?page_id=1247"},"modified":"2023-02-14T13:12:00","modified_gmt":"2023-02-14T12:12:00","slug":"ofertas-profissionalizantes","status":"publish","type":"page","link":"http:\/\/www.aemc.pt\/portal\/index.php\/ofertas-profissionalizantes\/","title":{"rendered":"Ofertas Profissionalizantes"},"content":{"rendered":"\n<blockquote class=\"wp-block-quote is-layout-flow wp-block-quote-is-layout-flow\"><p>Apostamos em ti.<\/p><\/blockquote>\n\n\n\n<p>Acreditamos que o futuro depende das pessoas bem qualificadas, apostamos no teu talento e potencial para venceres os novos desafios, atrav\u00e9s de uma eficaz forma\u00e7\u00e3o e qualifica\u00e7\u00e3o profissional.<\/p>\n\n\n\n<p><br><br><\/p><p><span style=\"color: #289dcc;\"><strong>A NOSSA OFERTA PROFISSIONALIZANTE<\/strong><\/span><\/p>\n\n\n\n<p><a href=\"http:\/\/www.aemc.pt\/portal\/index.php\/cef\/\">Cursos Educa\u00e7\u00e3o e Forma\u00e7\u00e3o (CEF)<\/a><\/p>\n\n\n\n<p><a href=\"http:\/\/www.aemc.pt\/portal\/index.php\/cursos-profissionais\/\">Cursos Profissionais<\/a><br><br><br><\/p>\n","protected":false},"excerpt":{"rendered":"<p>Apostamos em ti. Acreditamos que o futuro depende das pessoas bem qualificadas, apostamos no teu talento e potencial para venceres<\/p>\n","protected":false},"author":1,"featured_media":1248,"parent":0,"menu_order":0,"comment_status":"closed","ping_status":"closed","template":"","meta":{"colormag_page_container_layout":"no_sidebar_content_centered","colormag_page_sidebar_layout":"no_sidebar","ngg_post_thumbnail":0,"iawp_total_views":46,"footnotes":"","_links_to":"","_links_to_target":""},"class_list":["post-1247","page","type-page","status-publish","has-post-thumbnail","hentry"],"_links":{"self":[{"href":"http:\/\/www.aemc.pt\/portal\/index.php\/wp-json\/wp\/v2\/pages\/1247","targetHints":{"allow":["GET"]}}],"collection":[{"href":"http:\/\/www.aemc.pt\/portal\/index.php\/wp-json\/wp\/v2\/pages"}],"about":[{"href":"http:\/\/www.aemc.pt\/portal\/index.php\/wp-json\/wp\/v2\/types\/page"}],"author":[{"embeddable":true,"href":"http:\/\/www.aemc.pt\/portal\/index.php\/wp-json\/wp\/v2\/users\/1"}],"replies":[{"embeddable":true,"href":"http:\/\/www.aemc.pt\/portal\/index.php\/wp-json\/wp\/v2\/comments?post=1247"}],"version-history":[{"count":6,"href":"http:\/\/www.aemc.pt\/portal\/index.php\/wp-json\/wp\/v2\/pages\/1247\/revisions"}],"predecessor-version":[{"id":1565,"href":"http:\/\/www.aemc.pt\/portal\/index.php\/wp-json\/wp\/v2\/pages\/1247\/revisions\/1565"}],"wp:featuredmedia":[{"embeddable":true,"href":"http:\/\/www.aemc.pt\/portal\/index.php\/wp-json\/wp\/v2\/media\/1248"}],"wp:attachment":[{"href":"http:\/\/www.aemc.pt\/portal\/index.php\/wp-json\/wp\/v2\/media?parent=1247"}],"curies":[{"name":"wp","href":"https:\/\/api.w.org\/{rel}","templated":true}]}}