{"id":1547,"date":"2019-05-07T16:05:00","date_gmt":"2019-05-07T16:05:00","guid":{"rendered":"http:\/\/www.aemc.pt\/portal\/?page_id=1547"},"modified":"2026-03-08T11:58:23","modified_gmt":"2026-03-08T10:58:23","slug":"cef","status":"publish","type":"page","link":"http:\/\/www.aemc.pt\/portal\/index.php\/cef\/","title":{"rendered":"Cursos de Educa\u00e7\u00e3o e Forma\u00e7\u00e3o"},"content":{"rendered":"\n<blockquote class=\"wp-block-quote is-layout-flow wp-block-quote-is-layout-flow\">\n<p>CEF \u2014 Cursos de Educa\u00e7\u00e3o e Forma\u00e7\u00e3o.<\/p>\n<\/blockquote>\n\n\n\n<p>Os Cursos de Educa\u00e7\u00e3o e Forma\u00e7\u00e3o para Jovens (CEF) s\u00e3o uma oportunidade para poder concluir a escolaridade obrigat\u00f3ria, atrav\u00e9s de um percurso flex\u00edvel e ajustado aos seus interesses ou, para poder prosseguir estudos ou forma\u00e7\u00e3o que lhe permita uma entrada qualificada no mundo do trabalho.<\/p>\n\n\n\n<p><br><span style=\"color: #289dcc;\"><strong>OBJETIVOS<\/strong><\/span><\/p>\n\n\n\n<p>&gt;Face ao elevado n\u00famero de jovens em situa\u00e7\u00e3o de abandono escolar e em transi\u00e7\u00e3o para a vida ativa, os Cursos de Educa\u00e7\u00e3o e Forma\u00e7\u00e3o para jovens visam a recupera\u00e7\u00e3o dos d\u00e9fices de qualifica\u00e7\u00e3o, escolar e profissional destes p\u00fablicos, atrav\u00e9s da aquisi\u00e7\u00e3o de compet\u00eancias escolares, t\u00e9cnicas, sociais e relacionais que lhes permite ingressar num mercado de trabalho cada vez mais exigente e competitivo.<\/p>\n\n\n\n<p><br><span style=\"color: #289dcc;\"><strong>COMPONENTES DE FORMA\u00c7\u00c3O<\/strong><\/span><\/p>\n\n\n\n<p>Os Cursos CEF apresentam uma estrutura curricular acentuadamente profissionalizante que integra quatro componentes de forma\u00e7\u00e3o:<br>\nSociocultural;<br>\nCient\u00edfica;<br>\nTecnol\u00f3gica;<br>\nPr\u00e1tica.<\/p>\n\n\n\n<p><br><span style=\"color: #289dcc;\"><strong>CERTIFICA\u00c7\u00c3O<\/strong><\/span><\/p>\n\n\n\n<p>A conclus\u00e3o de um CEF, com total aproveitamento, confere uma certifica\u00e7\u00e3o escolar equivalente ao 9.\u00ba ano de escolaridade ou ainda um certificado de compet\u00eancias escolares e uma qualifica\u00e7\u00e3o profissional de n\u00edvel 2.<br><br><\/p>\n\n\n\n<p><br><span style=\"color: #289dcc;\"><strong>OFERTA DO AGRUPAMENTO<\/strong><\/span><\/p>\n\n\n\n<p><a href=\"http:\/\/www.aemc.pt\/portal\/index.php\/2015\/06\/24\/cef-assistente-familiar-e-de-apoio-a-comunidade\/\">CEF Assistente Familiar e de Apoio \u00e0 Comunidade<\/a><\/p>\n\n\n\n<p><a href=\"http:\/\/www.aemc.pt\/portal\/index.php\/2015\/06\/23\/cef-empregado-de-restaurante-bar\/\">CEF Empregado\/a de Restaurante \/ Bar<\/a><br><\/p>\n\n\n\n<br>\n\n\n\n<p><i class=\"far fa-file-pdf\"><\/i> <a href=\"http:\/\/www.aemc.pt\/portal\/wp-content\/uploads\/2024\/05\/AEMC_Ficha-da-Operacao_CEF_22.23.pdf\" target=\"_blank\" rel=\"noreferrer noopener\">FICHA DE OPERA\u00c7\u00c3O (2022\/2023)<\/a><\/p>\n\n\n\n<p><i class=\"far fa-file-pdf\"><\/i> <a href=\"http:\/\/www.aemc.pt\/portal\/wp-content\/uploads\/2025\/02\/23.24_CEF_Ficha-Operacao_A4_sem_selo_v2.pdf\" target=\"_blank\" rel=\"noreferrer noopener\">FICHA DE OPERA\u00c7\u00c3O (2023\/2024)<\/a><\/p>\n\n\n\n<p><i class=\"far fa-file-pdf\"><\/i> <a href=\"http:\/\/www.aemc.pt\/portal\/wp-content\/uploads\/2025\/07\/24.25_CEF_Ficha-Operacao_A4_sem_selo_24-25_v2.pdf\" target=\"_blank\" rel=\"noreferrer noopener\">FICHA DE OPERA\u00c7\u00c3O (2024\/2025)<\/a><\/p>\n\n\n\n<p><i class=\"far fa-file-pdf\"><\/i> <a href=\"http:\/\/www.aemc.pt\/portal\/wp-content\/uploads\/2026\/03\/AEMC_CEF_Ficha-Operacao_A4_sem_selo_2025.26.pdf\" target=\"_blank\" rel=\"noreferrer noopener\">FICHA DE OPERA\u00c7\u00c3O (2025\/2026)<\/a><\/p>\n\n\n\n<br><br><br><br><br><br>\n","protected":false},"excerpt":{"rendered":"<p>CEF \u2014 Cursos de Educa\u00e7\u00e3o e Forma\u00e7\u00e3o. Os Cursos de Educa\u00e7\u00e3o e Forma\u00e7\u00e3o para Jovens (CEF) s\u00e3o uma oportunidade para<\/p>\n","protected":false},"author":1,"featured_media":6615,"parent":0,"menu_order":0,"comment_status":"closed","ping_status":"closed","template":"","meta":{"colormag_page_container_layout":"no_sidebar_content_centered","colormag_page_sidebar_layout":"no_sidebar","ngg_post_thumbnail":0,"iawp_total_views":204,"footnotes":"","_links_to":"","_links_to_target":""},"class_list":["post-1547","page","type-page","status-publish","has-post-thumbnail","hentry"],"_links":{"self":[{"href":"http:\/\/www.aemc.pt\/portal\/index.php\/wp-json\/wp\/v2\/pages\/1547","targetHints":{"allow":["GET"]}}],"collection":[{"href":"http:\/\/www.aemc.pt\/portal\/index.php\/wp-json\/wp\/v2\/pages"}],"about":[{"href":"http:\/\/www.aemc.pt\/portal\/index.php\/wp-json\/wp\/v2\/types\/page"}],"author":[{"embeddable":true,"href":"http:\/\/www.aemc.pt\/portal\/index.php\/wp-json\/wp\/v2\/users\/1"}],"replies":[{"embeddable":true,"href":"http:\/\/www.aemc.pt\/portal\/index.php\/wp-json\/wp\/v2\/comments?post=1547"}],"version-history":[{"count":20,"href":"http:\/\/www.aemc.pt\/portal\/index.php\/wp-json\/wp\/v2\/pages\/1547\/revisions"}],"predecessor-version":[{"id":8862,"href":"http:\/\/www.aemc.pt\/portal\/index.php\/wp-json\/wp\/v2\/pages\/1547\/revisions\/8862"}],"wp:featuredmedia":[{"embeddable":true,"href":"http:\/\/www.aemc.pt\/portal\/index.php\/wp-json\/wp\/v2\/media\/6615"}],"wp:attachment":[{"href":"http:\/\/www.aemc.pt\/portal\/index.php\/wp-json\/wp\/v2\/media?parent=1547"}],"curies":[{"name":"wp","href":"https:\/\/api.w.org\/{rel}","templated":true}]}}