{"id":2830,"date":"2020-03-20T15:27:41","date_gmt":"2020-03-20T15:27:41","guid":{"rendered":"http:\/\/www.aemc.pt\/portal\/?page_id=2830"},"modified":"2020-09-27T19:05:18","modified_gmt":"2020-09-27T18:05:18","slug":"exames-e-provas-finais-2019","status":"publish","type":"page","link":"http:\/\/www.aemc.pt\/portal\/index.php\/exames-e-provas-finais-2019\/","title":{"rendered":"Exames e Provas Finais &#8211; 2019"},"content":{"rendered":"<blockquote>\n<p><strong>EXAMES FINAIS NACIONAIS E PROVAS DE EQUIVAL\u00caNCIA \u00c0 FREQU\u00caNCIA DO ENSINO SECUND\u00c1RIO<\/strong><\/p>\n<\/blockquote>\n<p>As provas finais do ensino b\u00e1sico e os exames finais nacionais do ensino secund\u00e1rio realizam-se, regra geral, nos estabelecimentos de ensino p\u00fablico \u2013 agrupamentos de escolas ou escolas n\u00e3o agrupadas \u2013 e nos estabelecimentos de ensino particular e cooperativo, uns e outros doravante designados por escolas.<\/p>\n<p><span style=\"color: #800080;\"><strong>Liga\u00e7\u00f5es \u00fateis:<\/strong><\/span><\/p>\n<p><a href=\"http:\/\/www.google.com\/url?q=http%3A%2F%2Fwww.dges.gov.pt%2Fguiaexames%2F&amp;sa=D&amp;sntz=1&amp;usg=AFQjCNGT7c1XlCgaohegRmL2PyPK2ql2sQ\" target=\"_blank\" rel=\"noopener noreferrer\">Guia Geral de Exames 2019<\/a><\/p>\n<p><a href=\"http:\/\/www.google.com\/url?q=http%3A%2F%2Fwww.dges.gov.pt%2Fguias%2Fpdfs%2FGuiaPI2019_pub.pdf%3Ffbclid%3DIwAR1-U_Ghqc6xM8QBkc5HTPMyMuipkvHe2yuP_7GOXB01YzyDTQ3eolPNflo&amp;sa=D&amp;sntz=1&amp;usg=AFQjCNE5AIA_qBcXPZhE6qtMoGFAJZKdFQ\" target=\"_blank\" rel=\"noopener noreferrer\">Guia das Provas de Ingresso 2019 &#8211; Ensino Superior P\u00fablico<\/a><\/p>\n<p><a href=\"http:\/\/www.google.com\/url?q=http%3A%2F%2Fwww.dges.gov.pt%2Fguias%2Fpdfs%2FGuiaPI2019_priv.pdf%3Ffbclid%3DIwAR0NUjVaRJl9RbmybymdD62ZOdpi33m8hGwc5IY_SzIUkiYbz_0UM8miYXI&amp;sa=D&amp;sntz=1&amp;usg=AFQjCNFLbHMp8rlSlVhDojNmMc-J96lnbw\" target=\"_blank\" rel=\"noopener noreferrer\">Guia das Provas de Ingresso 2019 &#8211; Ensino Superior Privado e Universidade Cat\u00f3lica Portuguesa<\/a><\/p>\n<p>&nbsp;<\/p>\n<p><a href=\"http:\/\/www.google.com\/url?q=http%3A%2F%2Fwww.iave.pt%2Findex.php%2Favaliacao-de-alunos%2Finformacoes-2018-2019%2F158-calendario-das-provas-de-afericao-do-ensino-basico&amp;sa=D&amp;sntz=1&amp;usg=AFQjCNEj6xKpnKQ-dkJxfxC-wQnphTegkA\" target=\"_blank\" rel=\"noopener noreferrer\">Calend\u00e1rio das Provas e Exames 2019 &#8211; IAVE<\/a><\/p>\n<p><a href=\"http:\/\/www.google.com\/url?q=http%3A%2F%2Fwww.dge.mec.pt%2Finformacoes-1&amp;sa=D&amp;sntz=1&amp;usg=AFQjCNEpT8qEqmpvbJbhPwg2AsstuzyFtg\" target=\"_blank\" rel=\"noopener noreferrer\">J\u00fari Nacional de Exames &#8211; Informa\u00e7\u00f5es (DGE)<\/a><\/p>\n<p><a href=\"http:\/\/www.google.com\/url?q=http%3A%2F%2Fwww.dge.mec.pt%2Fsites%2Fdefault%2Ffiles%2FJNE%2Fguia_para_aplicacao_de_adaptacoes_na_realizacao_de_provas_e_exames_2019_final.pdf&amp;sa=D&amp;sntz=1&amp;usg=AFQjCNGzV12iVXUfVsSLBJ2m8THQbDl3Dw\" target=\"_blank\" rel=\"noopener noreferrer\">Guia Aplica\u00e7\u00e3o de Adapta\u00e7\u00f5es Provas e Exames \u2013 JNE 2019<\/a><\/p>\n\n\n<br><br><br><br><br><br>\n","protected":false},"excerpt":{"rendered":"<p>EXAMES FINAIS NACIONAIS E PROVAS DE EQUIVAL\u00caNCIA \u00c0 FREQU\u00caNCIA DO ENSINO SECUND\u00c1RIO As provas finais do ensino b\u00e1sico e os<\/p>\n","protected":false},"author":1,"featured_media":1129,"parent":0,"menu_order":0,"comment_status":"closed","ping_status":"closed","template":"","meta":{"colormag_page_container_layout":"no_sidebar_content_centered","colormag_page_sidebar_layout":"no_sidebar","ngg_post_thumbnail":0,"iawp_total_views":1,"footnotes":"","_links_to":"","_links_to_target":""},"class_list":["post-2830","page","type-page","status-publish","has-post-thumbnail","hentry"],"_links":{"self":[{"href":"http:\/\/www.aemc.pt\/portal\/index.php\/wp-json\/wp\/v2\/pages\/2830","targetHints":{"allow":["GET"]}}],"collection":[{"href":"http:\/\/www.aemc.pt\/portal\/index.php\/wp-json\/wp\/v2\/pages"}],"about":[{"href":"http:\/\/www.aemc.pt\/portal\/index.php\/wp-json\/wp\/v2\/types\/page"}],"author":[{"embeddable":true,"href":"http:\/\/www.aemc.pt\/portal\/index.php\/wp-json\/wp\/v2\/users\/1"}],"replies":[{"embeddable":true,"href":"http:\/\/www.aemc.pt\/portal\/index.php\/wp-json\/wp\/v2\/comments?post=2830"}],"version-history":[{"count":2,"href":"http:\/\/www.aemc.pt\/portal\/index.php\/wp-json\/wp\/v2\/pages\/2830\/revisions"}],"predecessor-version":[{"id":3463,"href":"http:\/\/www.aemc.pt\/portal\/index.php\/wp-json\/wp\/v2\/pages\/2830\/revisions\/3463"}],"wp:featuredmedia":[{"embeddable":true,"href":"http:\/\/www.aemc.pt\/portal\/index.php\/wp-json\/wp\/v2\/media\/1129"}],"wp:attachment":[{"href":"http:\/\/www.aemc.pt\/portal\/index.php\/wp-json\/wp\/v2\/media?parent=2830"}],"curies":[{"name":"wp","href":"https:\/\/api.w.org\/{rel}","templated":true}]}}