{"id":3282,"date":"2020-07-20T10:53:03","date_gmt":"2020-07-20T10:53:03","guid":{"rendered":"http:\/\/www.aemc.pt\/portal\/?page_id=3282"},"modified":"2025-12-10T17:23:03","modified_gmt":"2025-12-10T16:23:03","slug":"associacao-de-pais","status":"publish","type":"page","link":"http:\/\/www.aemc.pt\/portal\/index.php\/associacao-de-pais\/","title":{"rendered":"Associa\u00e7\u00e3o de Pais"},"content":{"rendered":"<blockquote>\n<p>APEMAC &#8211; Associa\u00e7\u00e3o de Pais&nbsp;<span class=\"lh-1\">e Encarregados de Educa\u00e7\u00e3o&nbsp;<\/span><span class=\"lh-1\">das Escolas do Concelho de Macedo de Cavaleiros.<\/span><\/p>\n<\/blockquote>\n\n\n<p>Tendo como Vis\u00e3o &#8220;Contribuir para uma escola din\u00e2mica&#8221; a APEMAC pretende ser parte integrante de todos os assuntos respeitantes \u00e0 educa\u00e7\u00e3o de todas as escolas de Macedo de Cavaleiros.<br><br>Fundada em 17 de Fevereiro de 1983, apresenta-se como parceiro ativo junto das restantes entidades com responsabilidades na educa\u00e7\u00e3o, de modo a facilitar o exerc\u00edcio dos direitos e cumprimento dos deveres que cabem aos pais e encarregados de educa\u00e7\u00e3o.<br><br>S\u00f3 com o contributo de TODOS &#8211; alunos, pais, professores, assistentes administrativos, t\u00e9cnicos, operacionais e especialistas ser\u00e1 poss\u00edvel fazer das escolas espa\u00e7os de cidadania ativa e de participa\u00e7\u00e3o solid\u00e1ria cuja a meta \u00e9 garantir um ensino de qualidade para todas as crian\u00e7as e jovens<\/p>\n\n\n\n<p>Contactos:\u00a0<br>TELF: (+351) 278 426 264<br>TLM: (+351) 925 821 705<br>EMAIL:\u00a0<a href=\"mailto:apaismacedo@gmail.com\">apaismacedo@gmail.com<\/a><\/p>\n\n\n\n<br><br><br><br><br><br>\n\n\n\n<p><\/p>\n","protected":false},"excerpt":{"rendered":"<p>APEMAC &#8211; Associa\u00e7\u00e3o de Pais&nbsp;e Encarregados de Educa\u00e7\u00e3o&nbsp;das Escolas do Concelho de Macedo de Cavaleiros. Tendo como Vis\u00e3o &#8220;Contribuir para<\/p>\n","protected":false},"author":1,"featured_media":8099,"parent":0,"menu_order":0,"comment_status":"closed","ping_status":"closed","template":"","meta":{"colormag_page_container_layout":"no_sidebar_content_centered","colormag_page_sidebar_layout":"no_sidebar","ngg_post_thumbnail":0,"iawp_total_views":95,"footnotes":"","_links_to":"","_links_to_target":""},"class_list":["post-3282","page","type-page","status-publish","has-post-thumbnail","hentry"],"_links":{"self":[{"href":"http:\/\/www.aemc.pt\/portal\/index.php\/wp-json\/wp\/v2\/pages\/3282","targetHints":{"allow":["GET"]}}],"collection":[{"href":"http:\/\/www.aemc.pt\/portal\/index.php\/wp-json\/wp\/v2\/pages"}],"about":[{"href":"http:\/\/www.aemc.pt\/portal\/index.php\/wp-json\/wp\/v2\/types\/page"}],"author":[{"embeddable":true,"href":"http:\/\/www.aemc.pt\/portal\/index.php\/wp-json\/wp\/v2\/users\/1"}],"replies":[{"embeddable":true,"href":"http:\/\/www.aemc.pt\/portal\/index.php\/wp-json\/wp\/v2\/comments?post=3282"}],"version-history":[{"count":5,"href":"http:\/\/www.aemc.pt\/portal\/index.php\/wp-json\/wp\/v2\/pages\/3282\/revisions"}],"predecessor-version":[{"id":8623,"href":"http:\/\/www.aemc.pt\/portal\/index.php\/wp-json\/wp\/v2\/pages\/3282\/revisions\/8623"}],"wp:featuredmedia":[{"embeddable":true,"href":"http:\/\/www.aemc.pt\/portal\/index.php\/wp-json\/wp\/v2\/media\/8099"}],"wp:attachment":[{"href":"http:\/\/www.aemc.pt\/portal\/index.php\/wp-json\/wp\/v2\/media?parent=3282"}],"curies":[{"name":"wp","href":"https:\/\/api.w.org\/{rel}","templated":true}]}}