{"id":3846,"date":"2021-03-24T17:17:20","date_gmt":"2021-03-24T16:17:20","guid":{"rendered":"http:\/\/www.aemc.pt\/portal\/?page_id=3846"},"modified":"2022-04-06T14:07:09","modified_gmt":"2022-04-06T13:07:09","slug":"exames-e-provas-finais-2021","status":"publish","type":"page","link":"http:\/\/www.aemc.pt\/portal\/index.php\/exames-e-provas-finais-2021\/","title":{"rendered":"Exames e Provas Finais &#8211; 2021"},"content":{"rendered":"<blockquote>\n<p><strong>EXAMES FINAIS NACIONAIS E PROVAS DE EQUIVAL\u00caNCIA \u00c0 FREQU\u00caNCIA DO ENSINO SECUND\u00c1RIO<\/strong><\/p>\n<\/blockquote>\n<p>As provas finais do ensino b\u00e1sico e os exames finais nacionais do ensino secund\u00e1rio realizam-se, regra geral, nos estabelecimentos de ensino p\u00fablico \u2013 agrupamentos de escolas ou escolas n\u00e3o agrupadas \u2013 e nos estabelecimentos de ensino particular e cooperativo, uns e outros doravante designados por escolas.<\/p>\n<p style=\"text-align: right;\">&nbsp;<\/p>\n<p><span style=\"color: #800080;\"><strong>Liga\u00e7\u00f5es \u00fateis:<\/strong><\/span><\/p>\n<p style=\"text-align: right;\"><a href=\"http:\/\/www.aemc.pt\/portal\/index.php\/exames-e-provas-finais-2020\/\" rel=\"noopener\">Exames e Provas Finais &#8211; 2020<\/a><\/p>\n<p>&nbsp;<\/p>\n<p>&nbsp;<\/p>\n\n\n<p><i class=\"far fa-file-pdf\"><img loading=\"lazy\" decoding=\"async\" class=\"alignnone size-full wp-image-617\" src=\"http:\/\/www.aemc.pt\/portal\/wp-content\/uploads\/2019\/02\/pdfFile.png\" alt=\"\" width=\"30\" height=\"24\"><\/i><a href=\"http:\/\/www.aemc.pt\/portal\/wp-content\/uploads\/2021\/03\/Despacho-_-exames-2021.pdf\" target=\"_blank\" rel=\"noopener no referrer noreferrer\">Despacho Normativo n.\u00ba 10-A\/2021<\/a><\/p>\n\n\n\n<p><i class=\"far fa-file-pdf\"><img loading=\"lazy\" decoding=\"async\" class=\"alignnone size-full wp-image-617\" src=\"http:\/\/www.aemc.pt\/portal\/wp-content\/uploads\/2019\/02\/pdfFile.png\" alt=\"\" width=\"30\" height=\"24\"><\/i><a href=\"http:\/\/www.aemc.pt\/portal\/wp-content\/uploads\/2021\/03\/Norma-1_2021.pdf\" target=\"_blank\" rel=\"noopener no referrer noreferrer\">Instru\u00e7\u00f5es para Realiza\u00e7\u00e3o de Provas e Exames (Norma01) \u2013 JNE 2021<\/a><\/p>\n\n\n\n<p><i class=\"far fa-file-pdf\"><img loading=\"lazy\" decoding=\"async\" class=\"alignnone size-full wp-image-617\" src=\"http:\/\/www.aemc.pt\/portal\/wp-content\/uploads\/2019\/02\/pdfFile.png\" alt=\"\" width=\"30\" height=\"24\"><\/i><a href=\"http:\/\/www.aemc.pt\/portal\/wp-content\/uploads\/2021\/03\/Guia-Adaptacoes.pdf\" target=\"_blank\" rel=\"noopener no referrer noreferrer\">Guia para Aplica\u00e7\u00e3o de Adapta\u00e7\u00f5es na Realiza\u00e7\u00e3o de Provas e Exames \u2013 JNE 2021<\/a><\/p>\n\n\n\n<p><i class=\"far fa-file-pdf\"><img loading=\"lazy\" decoding=\"async\" class=\"alignnone size-full wp-image-617\" src=\"http:\/\/www.aemc.pt\/portal\/wp-content\/uploads\/2019\/02\/pdfFile.png\" alt=\"\" width=\"30\" height=\"24\"><\/i><a href=\"http:\/\/www.aemc.pt\/portal\/wp-content\/uploads\/2021\/03\/Adaptacoes-_2021.pdf\" target=\"_blank\" rel=\"noopener no referrer noreferrer\">Adapta\u00e7\u00f5es na Realiza\u00e7\u00e3o de Provas e Exames (Perguntas Frequentes FAQ&#8217;s)\u2013 JNE 2021<\/a><\/p>\n\n\n\n<p><i class=\"far fa-file-pdf\"><img loading=\"lazy\" decoding=\"async\" class=\"alignnone size-full wp-image-617\" src=\"http:\/\/www.aemc.pt\/portal\/wp-content\/uploads\/2019\/02\/pdfFile.png\" alt=\"\" width=\"30\" height=\"24\"><\/i><a href=\"http:\/\/www.aemc.pt\/portal\/wp-content\/uploads\/2021\/06\/InfoProvas-Geral-2021.pdf\" target=\"_blank\" rel=\"noopener no referrer\">Provas de Avalia\u00e7\u00e3o Externa (INFORMA\u00c7\u00c3O-PROVA GERAL)<\/a><\/p>\n\n\n\n<p><i class=\"far fa-file-pdf\"><img loading=\"lazy\" decoding=\"async\" class=\"alignnone size-full wp-image-617\" src=\"http:\/\/www.aemc.pt\/portal\/wp-content\/uploads\/2019\/02\/pdfFile.png\" alt=\"\" width=\"30\" height=\"24\"><\/i><a href=\"http:\/\/www.aemc.pt\/portal\/wp-content\/uploads\/2021\/06\/IC-EX-2021_12fev2021-1.pdf\" target=\"_blank\" rel=\"noopener no referrer\">Provas de Avalia\u00e7\u00e3o Externa (INFORMA\u00c7\u00c3O COMPLEMENTAR)<\/a><\/p>\n\n\n\n<p><i class=\"far fa-file-pdf\"><img loading=\"lazy\" decoding=\"async\" class=\"alignnone size-full wp-image-617\" src=\"http:\/\/www.aemc.pt\/portal\/wp-content\/uploads\/2019\/02\/pdfFile.png\" alt=\"\" width=\"30\" height=\"24\"><\/i><a href=\"http:\/\/www.aemc.pt\/portal\/wp-content\/uploads\/2021\/06\/Adenda_InfoProvas-Geral-2021_1junho.pdf\" target=\"_blank\" rel=\"noopener no referrer\">Provas de Avalia\u00e7\u00e3o Externa (ADENDA \u00c0S INFORMA\u00c7\u00c3O-PROVA GERAL)<\/a><\/p><br><br>\n","protected":false},"excerpt":{"rendered":"<p>EXAMES FINAIS NACIONAIS E PROVAS DE EQUIVAL\u00caNCIA \u00c0 FREQU\u00caNCIA DO ENSINO SECUND\u00c1RIO As provas finais do ensino b\u00e1sico e os<\/p>\n","protected":false},"author":1,"featured_media":1129,"parent":0,"menu_order":0,"comment_status":"closed","ping_status":"closed","template":"","meta":{"colormag_page_container_layout":"no_sidebar_content_centered","colormag_page_sidebar_layout":"no_sidebar","ngg_post_thumbnail":0,"iawp_total_views":0,"footnotes":"","_links_to":"","_links_to_target":""},"class_list":["post-3846","page","type-page","status-publish","has-post-thumbnail","hentry"],"_links":{"self":[{"href":"http:\/\/www.aemc.pt\/portal\/index.php\/wp-json\/wp\/v2\/pages\/3846","targetHints":{"allow":["GET"]}}],"collection":[{"href":"http:\/\/www.aemc.pt\/portal\/index.php\/wp-json\/wp\/v2\/pages"}],"about":[{"href":"http:\/\/www.aemc.pt\/portal\/index.php\/wp-json\/wp\/v2\/types\/page"}],"author":[{"embeddable":true,"href":"http:\/\/www.aemc.pt\/portal\/index.php\/wp-json\/wp\/v2\/users\/1"}],"replies":[{"embeddable":true,"href":"http:\/\/www.aemc.pt\/portal\/index.php\/wp-json\/wp\/v2\/comments?post=3846"}],"version-history":[{"count":12,"href":"http:\/\/www.aemc.pt\/portal\/index.php\/wp-json\/wp\/v2\/pages\/3846\/revisions"}],"predecessor-version":[{"id":4534,"href":"http:\/\/www.aemc.pt\/portal\/index.php\/wp-json\/wp\/v2\/pages\/3846\/revisions\/4534"}],"wp:featuredmedia":[{"embeddable":true,"href":"http:\/\/www.aemc.pt\/portal\/index.php\/wp-json\/wp\/v2\/media\/1129"}],"wp:attachment":[{"href":"http:\/\/www.aemc.pt\/portal\/index.php\/wp-json\/wp\/v2\/media?parent=3846"}],"curies":[{"name":"wp","href":"https:\/\/api.w.org\/{rel}","templated":true}]}}