{"id":4188,"date":"2021-10-25T11:55:26","date_gmt":"2021-10-25T10:55:26","guid":{"rendered":"http:\/\/www.aemc.pt\/portal\/?page_id=4188"},"modified":"2022-04-06T09:45:06","modified_gmt":"2022-04-06T08:45:06","slug":"programa-de-educacao-estetica-e-artistica","status":"publish","type":"page","link":"http:\/\/www.aemc.pt\/portal\/index.php\/programa-de-educacao-estetica-e-artistica\/","title":{"rendered":"Programa de Educa\u00e7\u00e3o Est\u00e9tica e Art\u00edstica"},"content":{"rendered":"\n<blockquote class=\"wp-block-quote is-layout-flow wp-block-quote-is-layout-flow\"><p>Programa de Educa\u00e7\u00e3o Est\u00e9tica e Art\u00edstica do Agrupamento de Escolas de Macedo de Cavaleiros<\/p><\/blockquote>\n\n\n\n<p>O\u00a0<a href=\"http:\/\/educacaoartistica.dge.mec.pt\/\">Programa de Educa\u00e7\u00e3o Est\u00e9tica e Art\u00edstica<\/a> (PEEA), iniciativa da Dire\u00e7\u00e3o-Geral da Educa\u00e7\u00e3o, pretende enriquecer as experi\u00eancias de educa\u00e7\u00e3o, propondo metodologias inovadoras de aprendizagem nas \u00e1reas de Artes Visuais, Dan\u00e7a, Express\u00e3o Dram\u00e1tica\/Teatro e M\u00fasica.<\/p>\n\n\n\n<p>Neste contexto, acompanha os educadores e professores, de forma continuada, atrav\u00e9s de planos sequenciados, com forma\u00e7\u00e3o docente, iniciativas com parceiros culturais, projetos de a\u00e7\u00f5es educativas e realiza\u00e7\u00e3o de eventos no \u00e2mbito da Educa\u00e7\u00e3o Art\u00edstica \u2013 a fim de ser constru\u00edda uma rede de conhecimentos e recursos, de acordo com cada contexto escolar.<\/p>\n\n\n\n<p>Considerando as parcerias estabelecidas com agrupamentos de escolas, centros de forma\u00e7\u00e3o de associa\u00e7\u00e3o de escolas, institui\u00e7\u00f5es culturais e autarquias, o PEEA prop\u00f5e um plano de iniciativas conjuntas e mutuamente enriquecedoras, no territ\u00f3rio nacional, para o desenvolvimento profissional e uma atitude docente mais aut\u00f3noma, respondendo \u00e0 necessidade de transformar e reajustar as pr\u00e1ticas educativas na escola de hoje.<\/p>\n\n\n\n<p>Para al\u00e9m da Equipa de Educa\u00e7\u00e3o Art\u00edstica, estrutura central, o PEEA conta ainda com um grupo de Embaixadores Regionais e Locais que junto das escolas estabelecem uma rela\u00e7\u00e3o de proximidade. Esta rede de professores realiza a\u00e7\u00f5es sequenciadas que reconhecem a Arte como forma de conhecimento e valorizam as culturas locais e globais para a constru\u00e7\u00e3o de uma marca de identidade.<\/p>\n\n\n\n<br><br>\n\n\n\n<div class=\"wp-block-image\"><figure class=\"aligncenter size-large\"><img loading=\"lazy\" decoding=\"async\" width=\"883\" height=\"145\" src=\"http:\/\/www.aemc.pt\/portal\/wp-content\/uploads\/2021\/10\/logoPEEA.png\" alt=\"\" class=\"wp-image-4190\" srcset=\"http:\/\/www.aemc.pt\/portal\/wp-content\/uploads\/2021\/10\/logoPEEA.png 883w, http:\/\/www.aemc.pt\/portal\/wp-content\/uploads\/2021\/10\/logoPEEA-300x49.png 300w, http:\/\/www.aemc.pt\/portal\/wp-content\/uploads\/2021\/10\/logoPEEA-768x126.png 768w\" sizes=\"auto, (max-width: 883px) 100vw, 883px\" \/><\/figure><\/div>\n\n\n\n<br><br><br><br><br><br>\n","protected":false},"excerpt":{"rendered":"<p>Programa de Educa\u00e7\u00e3o Est\u00e9tica e Art\u00edstica do Agrupamento de Escolas de Macedo de Cavaleiros O\u00a0Programa de Educa\u00e7\u00e3o Est\u00e9tica e Art\u00edstica<\/p>\n","protected":false},"author":1,"featured_media":4189,"parent":0,"menu_order":0,"comment_status":"closed","ping_status":"closed","template":"","meta":{"colormag_page_container_layout":"no_sidebar_content_centered","colormag_page_sidebar_layout":"no_sidebar","ngg_post_thumbnail":0,"iawp_total_views":76,"footnotes":"","_links_to":"","_links_to_target":""},"class_list":["post-4188","page","type-page","status-publish","has-post-thumbnail","hentry"],"_links":{"self":[{"href":"http:\/\/www.aemc.pt\/portal\/index.php\/wp-json\/wp\/v2\/pages\/4188","targetHints":{"allow":["GET"]}}],"collection":[{"href":"http:\/\/www.aemc.pt\/portal\/index.php\/wp-json\/wp\/v2\/pages"}],"about":[{"href":"http:\/\/www.aemc.pt\/portal\/index.php\/wp-json\/wp\/v2\/types\/page"}],"author":[{"embeddable":true,"href":"http:\/\/www.aemc.pt\/portal\/index.php\/wp-json\/wp\/v2\/users\/1"}],"replies":[{"embeddable":true,"href":"http:\/\/www.aemc.pt\/portal\/index.php\/wp-json\/wp\/v2\/comments?post=4188"}],"version-history":[{"count":3,"href":"http:\/\/www.aemc.pt\/portal\/index.php\/wp-json\/wp\/v2\/pages\/4188\/revisions"}],"predecessor-version":[{"id":4532,"href":"http:\/\/www.aemc.pt\/portal\/index.php\/wp-json\/wp\/v2\/pages\/4188\/revisions\/4532"}],"wp:featuredmedia":[{"embeddable":true,"href":"http:\/\/www.aemc.pt\/portal\/index.php\/wp-json\/wp\/v2\/media\/4189"}],"wp:attachment":[{"href":"http:\/\/www.aemc.pt\/portal\/index.php\/wp-json\/wp\/v2\/media?parent=4188"}],"curies":[{"name":"wp","href":"https:\/\/api.w.org\/{rel}","templated":true}]}}