{"id":5,"date":"2018-10-22T11:03:36","date_gmt":"2018-10-22T11:03:36","guid":{"rendered":"http:\/\/www.aemc.pt\/portal\/?page_id=5"},"modified":"2018-11-11T17:47:07","modified_gmt":"2018-11-11T17:47:07","slug":"inicio","status":"publish","type":"page","link":"http:\/\/www.aemc.pt\/portal\/","title":{"rendered":"In\u00edcio"},"content":{"rendered":"<p>Bem-vindo ao seu site! Esta \u00e9 a p\u00e1gina oficial do Agrupamento de Escolas de Macedo de Cavaleiros.<\/p>\n","protected":false},"excerpt":{"rendered":"<p>Bem-vindo ao seu site! Esta \u00e9 a p\u00e1gina oficial do Agrupamento de Escolas de Macedo de Cavaleiros.<\/p>\n","protected":false},"author":1,"featured_media":0,"parent":0,"menu_order":0,"comment_status":"closed","ping_status":"closed","template":"","meta":{"colormag_page_container_layout":"default_layout","colormag_page_sidebar_layout":"default_layout","ngg_post_thumbnail":0,"iawp_total_views":30803,"footnotes":"","_links_to":"","_links_to_target":""},"class_list":["post-5","page","type-page","status-publish","hentry"],"_links":{"self":[{"href":"http:\/\/www.aemc.pt\/portal\/index.php\/wp-json\/wp\/v2\/pages\/5","targetHints":{"allow":["GET"]}}],"collection":[{"href":"http:\/\/www.aemc.pt\/portal\/index.php\/wp-json\/wp\/v2\/pages"}],"about":[{"href":"http:\/\/www.aemc.pt\/portal\/index.php\/wp-json\/wp\/v2\/types\/page"}],"author":[{"embeddable":true,"href":"http:\/\/www.aemc.pt\/portal\/index.php\/wp-json\/wp\/v2\/users\/1"}],"replies":[{"embeddable":true,"href":"http:\/\/www.aemc.pt\/portal\/index.php\/wp-json\/wp\/v2\/comments?post=5"}],"version-history":[{"count":3,"href":"http:\/\/www.aemc.pt\/portal\/index.php\/wp-json\/wp\/v2\/pages\/5\/revisions"}],"predecessor-version":[{"id":663,"href":"http:\/\/www.aemc.pt\/portal\/index.php\/wp-json\/wp\/v2\/pages\/5\/revisions\/663"}],"wp:attachment":[{"href":"http:\/\/www.aemc.pt\/portal\/index.php\/wp-json\/wp\/v2\/media?parent=5"}],"curies":[{"name":"wp","href":"https:\/\/api.w.org\/{rel}","templated":true}]}}