{"id":5128,"date":"2023-02-02T13:01:09","date_gmt":"2023-02-02T12:01:09","guid":{"rendered":"http:\/\/www.aemc.pt\/portal\/?page_id=5128"},"modified":"2024-11-25T22:23:23","modified_gmt":"2024-11-25T21:23:23","slug":"padde","status":"publish","type":"page","link":"http:\/\/www.aemc.pt\/portal\/index.php\/padde\/","title":{"rendered":"PADDE"},"content":{"rendered":"\n<blockquote class=\"wp-block-quote is-layout-flow wp-block-quote-is-layout-flow\">\n<p>Plano de A\u00e7\u00e3o para o Desenvolvimento Digital da Escola (PADDE) do Agrupamento de Escolas de Macedo de Cavaleiros.<\/p>\n<\/blockquote>\n\n\n\n<p><em>\u201cO Plano de A\u00e7\u00e3o para o Desenvolvimento Digital da Escola (PADDE) pretende ser um instrumento orientador e facilitador da adapta\u00e7\u00e3o e implementa\u00e7\u00e3o das tecnologias digitais nos processos de ensino e de aprendizagem. Pretende, ainda, apoiar as escolas a refletir e definir estrat\u00e9gias que permitam a explora\u00e7\u00e3o do potencial do digital integrando-o de forma hol\u00edstica na organiza\u00e7\u00e3o. (\u2026)&#8221;<br><\/em><\/p>\n\n\n\n<br>\n\n\n\n<p><i class=\"far fa-file-pdf\"><\/i><a href=\"http:\/\/www.aemc.pt\/portal\/wp-content\/uploads\/2023\/02\/PADDE_AEMC_final_02_12_2022.pdf\" target=\"_blank\" rel=\"noopener noreferrer\"> <\/a><a href=\"http:\/\/www.aemc.pt\/portal\/wp-content\/uploads\/2024\/11\/PADDE-AEMC_1.pdf\" target=\"_blank\" rel=\"noreferrer noopener\">PADDE \u00a02024\/2025<\/a><\/p>\n\n\n\n<br>\n\n\n\n<hr class=\"wp-block-separator has-alpha-channel-opacity\"\/>\n\n\n\n<p><i class=\"far fa-file-pdf\"><\/i><a href=\"http:\/\/www.aemc.pt\/portal\/wp-content\/uploads\/2023\/02\/PADDE_AEMC_final_02_12_2022.pdf\" target=\"_blank\" rel=\"noopener noreferrer\"> PADDE &nbsp;2021\/2023<\/a><\/p>\n\n\n\n<br><br><br><br><br><br>\n\n\n\n<p><\/p>\n","protected":false},"excerpt":{"rendered":"<p>Plano de A\u00e7\u00e3o para o Desenvolvimento Digital da Escola (PADDE) do Agrupamento de Escolas de Macedo de Cavaleiros. \u201cO Plano<\/p>\n","protected":false},"author":1,"featured_media":5137,"parent":0,"menu_order":0,"comment_status":"closed","ping_status":"closed","template":"","meta":{"colormag_page_container_layout":"no_sidebar_full_width","colormag_page_sidebar_layout":"no_sidebar","ngg_post_thumbnail":0,"iawp_total_views":41,"footnotes":"","_links_to":"","_links_to_target":""},"class_list":["post-5128","page","type-page","status-publish","has-post-thumbnail","hentry"],"_links":{"self":[{"href":"http:\/\/www.aemc.pt\/portal\/index.php\/wp-json\/wp\/v2\/pages\/5128","targetHints":{"allow":["GET"]}}],"collection":[{"href":"http:\/\/www.aemc.pt\/portal\/index.php\/wp-json\/wp\/v2\/pages"}],"about":[{"href":"http:\/\/www.aemc.pt\/portal\/index.php\/wp-json\/wp\/v2\/types\/page"}],"author":[{"embeddable":true,"href":"http:\/\/www.aemc.pt\/portal\/index.php\/wp-json\/wp\/v2\/users\/1"}],"replies":[{"embeddable":true,"href":"http:\/\/www.aemc.pt\/portal\/index.php\/wp-json\/wp\/v2\/comments?post=5128"}],"version-history":[{"count":12,"href":"http:\/\/www.aemc.pt\/portal\/index.php\/wp-json\/wp\/v2\/pages\/5128\/revisions"}],"predecessor-version":[{"id":7519,"href":"http:\/\/www.aemc.pt\/portal\/index.php\/wp-json\/wp\/v2\/pages\/5128\/revisions\/7519"}],"wp:featuredmedia":[{"embeddable":true,"href":"http:\/\/www.aemc.pt\/portal\/index.php\/wp-json\/wp\/v2\/media\/5137"}],"wp:attachment":[{"href":"http:\/\/www.aemc.pt\/portal\/index.php\/wp-json\/wp\/v2\/media?parent=5128"}],"curies":[{"name":"wp","href":"https:\/\/api.w.org\/{rel}","templated":true}]}}