{"id":5212,"date":"2023-02-14T13:16:36","date_gmt":"2023-02-14T12:16:36","guid":{"rendered":"http:\/\/www.aemc.pt\/portal\/?page_id=5212"},"modified":"2025-02-13T12:49:07","modified_gmt":"2025-02-13T11:49:07","slug":"documentos","status":"publish","type":"page","link":"http:\/\/www.aemc.pt\/portal\/index.php\/documentos\/","title":{"rendered":"Documentos"},"content":{"rendered":"\n<blockquote class=\"wp-block-quote is-layout-flow wp-block-quote-is-layout-flow\">\n<p>Documentos<\/p>\n<\/blockquote>\n\n\n\n<br>\n\n\n\n<p><i class=\"far fa-file-pdf\"><\/i><a href=\"http:\/\/www.aemc.pt\/portal\/wp-content\/uploads\/2025\/02\/DECLARACAO-DE-INEXISTENCIA-DE-CONFLITO-DE-INTERESSES.pdf\" target=\"_blank\" rel=\"noopener noreferrer\"> Declara\u00e7\u00e3o de inexist\u00eancia de conflito de interesses <\/a><\/p>\n\n\n\n<p><i class=\"far fa-file-pdf\"><\/i><a href=\"http:\/\/www.aemc.pt\/portal\/wp-content\/uploads\/2025\/02\/DECLARACAO-DE-INEXISTENCIA-DE-CONFLITO-DE-INTERESSES.pdf\" target=\"_blank\" rel=\"noopener no referrer\"> Declara\u00e7\u00e3o de inexist\u00eancia de conflito de interesses &#8211; ESCUSA<\/a> <\/p><br>\n\n\n\n<br><br><br>\n","protected":false},"excerpt":{"rendered":"<p>Documentos Declara\u00e7\u00e3o de inexist\u00eancia de conflito de interesses Declara\u00e7\u00e3o de inexist\u00eancia de conflito de interesses &#8211; ESCUSA<\/p>\n","protected":false},"author":1,"featured_media":0,"parent":0,"menu_order":0,"comment_status":"closed","ping_status":"closed","template":"","meta":{"colormag_page_container_layout":"no_sidebar_full_width","colormag_page_sidebar_layout":"no_sidebar","ngg_post_thumbnail":0,"iawp_total_views":54,"footnotes":"","_links_to":"","_links_to_target":""},"class_list":["post-5212","page","type-page","status-publish","hentry"],"_links":{"self":[{"href":"http:\/\/www.aemc.pt\/portal\/index.php\/wp-json\/wp\/v2\/pages\/5212","targetHints":{"allow":["GET"]}}],"collection":[{"href":"http:\/\/www.aemc.pt\/portal\/index.php\/wp-json\/wp\/v2\/pages"}],"about":[{"href":"http:\/\/www.aemc.pt\/portal\/index.php\/wp-json\/wp\/v2\/types\/page"}],"author":[{"embeddable":true,"href":"http:\/\/www.aemc.pt\/portal\/index.php\/wp-json\/wp\/v2\/users\/1"}],"replies":[{"embeddable":true,"href":"http:\/\/www.aemc.pt\/portal\/index.php\/wp-json\/wp\/v2\/comments?post=5212"}],"version-history":[{"count":8,"href":"http:\/\/www.aemc.pt\/portal\/index.php\/wp-json\/wp\/v2\/pages\/5212\/revisions"}],"predecessor-version":[{"id":7743,"href":"http:\/\/www.aemc.pt\/portal\/index.php\/wp-json\/wp\/v2\/pages\/5212\/revisions\/7743"}],"wp:attachment":[{"href":"http:\/\/www.aemc.pt\/portal\/index.php\/wp-json\/wp\/v2\/media?parent=5212"}],"curies":[{"name":"wp","href":"https:\/\/api.w.org\/{rel}","templated":true}]}}