{"id":6175,"date":"2023-11-09T20:45:37","date_gmt":"2023-11-09T19:45:37","guid":{"rendered":"http:\/\/www.aemc.pt\/portal\/?page_id=6175"},"modified":"2023-11-09T20:45:38","modified_gmt":"2023-11-09T19:45:38","slug":"coolorchestra","status":"publish","type":"page","link":"http:\/\/www.aemc.pt\/portal\/index.php\/coolorchestra\/","title":{"rendered":""},"content":{"rendered":"\n<figure class=\"wp-block-image aligncenter size-full is-resized\"><img decoding=\"async\" src=\"http:\/\/www.aemc.pt\/portal\/wp-content\/uploads\/2023\/11\/CartazCool.jpg\" alt=\"\" class=\"wp-image-6178\" width=\"800\" srcset=\"http:\/\/www.aemc.pt\/portal\/wp-content\/uploads\/2023\/11\/CartazCool.jpg 513w, http:\/\/www.aemc.pt\/portal\/wp-content\/uploads\/2023\/11\/CartazCool-300x87.jpg 300w\" sizes=\"(max-width: 513px) 100vw, 513px\" \/><\/figure>\n\n\n\n<blockquote class=\"wp-block-quote is-layout-flow wp-block-quote-is-layout-flow\">\n<p><strong>&#8220;Cool&#8221; Orchestra AEMC \u2013 O Projeto<\/strong><\/p>\n<\/blockquote>\n\n\n\n<p>Formar uma orquestra escolar \u00e9 uma iniciativa que pode transformar a vida dos alunos, proporcionando uma educa\u00e7\u00e3o musical enriquecedora e construindo habilidades valiosas. Vamos observar os passos essenciais para a cria\u00e7\u00e3o de uma orchestra escolar de sucesso, envolvendo professores e alunos que tocam um instrumento. Desde a vis\u00e3o inicial at\u00e9 \u00e0 realiza\u00e7\u00e3o de eventos musicais memor\u00e1veis, iremos descobrindo como tornar esse sonho uma realidade.<\/p>\n\n\n\n<div class=\"wp-block-buttons is-layout-flex wp-block-buttons-is-layout-flex\">\n<div class=\"wp-block-button\"><a class=\"wp-block-button__link wp-element-button\" href=\"http:\/\/www.aemc.pt\/portal\/wp-content\/uploads\/2023\/11\/Projeto-Cool-Orchestra-AEMC.pdf\" target=\"_blank\" rel=\"noreferrer noopener\">LER +<\/a><\/div>\n<\/div>\n\n\n\n<br>\n\n\n\n<blockquote class=\"wp-block-quote is-layout-flow wp-block-quote-is-layout-flow\">\n<p><strong>&#8220;Cool&#8221; Orchestra AEMC &#8211; Inscri\u00e7\u00f5es<\/strong><\/p>\n<\/blockquote>\n\n\n\n<p>Gostas de m\u00fasica? Sabes tocar um instrumento? Se a resposta a estas perguntas for um entusi\u00e1stico &#8220;sim&#8221;, ent\u00e3o temos o lugar perfeito para ti! Estamos \u00e0 procura de talentosos m\u00fasicos para se juntarem \u00e0 nossa orchestra e participarem numa emocionante jornada musical.<br>A nossa orchestra \u00e9 mais do que apenas um grupo de m\u00fasicos; somos uma fam\u00edlia unida pela paix\u00e3o pela m\u00fasica. Desde iniciantes a m\u00fasicos experientes, ela oferece um ambiente acolhedor e inclusivo para todos.<br>Juntar-te a n\u00f3s \u00e9 uma oportunidade \u00fanica para expandir os teus horizontes musicais, aperfei\u00e7oar as tuas habilidades e viver momentos inesquec\u00edveis.<br>Se est\u00e1s pronto(a) para participar, preenche o formul\u00e1rio de inscri\u00e7\u00e3o, acedendo ao link ou ao QRCode.<br>Junta-te a n\u00f3s e faz parte desta maravilhosa aventura musical!<\/p>\n\n\n\n<p><a href=\"https:\/\/forms.gle\/XDesth1Q5LvTyge28\" target=\"_blank\" rel=\"noreferrer noopener\"><img loading=\"lazy\" decoding=\"async\" width=\"150\" height=\"148\" class=\"wp-image-6179\" style=\"width: 150px;\" src=\"http:\/\/www.aemc.pt\/portal\/wp-content\/uploads\/2023\/11\/QRcoolORCH.png\" alt=\"\"><\/a><\/p>\n\n\n\n<div class=\"wp-block-buttons is-layout-flex wp-block-buttons-is-layout-flex\"><\/div>\n\n\n\n<div class=\"wp-block-buttons is-layout-flex wp-block-buttons-is-layout-flex\">\n<div class=\"wp-block-button\"><a class=\"wp-block-button__link wp-element-button\" href=\"https:\/\/forms.gle\/XDesth1Q5LvTyge28\" target=\"_blank\" rel=\"noreferrer noopener\">INSCREVE-TE AQUI<\/a><\/div>\n<\/div>\n\n\n\n<BR>\n\n\n\n<BR>\n\n\n\n<figure class=\"wp-block-image size-large\"><img loading=\"lazy\" decoding=\"async\" width=\"724\" height=\"1024\" src=\"http:\/\/www.aemc.pt\/portal\/wp-content\/uploads\/2023\/11\/CARTAZ_Cool_Orchestra_AEMC-724x1024.png\" alt=\"\" class=\"wp-image-6176\" srcset=\"http:\/\/www.aemc.pt\/portal\/wp-content\/uploads\/2023\/11\/CARTAZ_Cool_Orchestra_AEMC-724x1024.png 724w, http:\/\/www.aemc.pt\/portal\/wp-content\/uploads\/2023\/11\/CARTAZ_Cool_Orchestra_AEMC-212x300.png 212w, http:\/\/www.aemc.pt\/portal\/wp-content\/uploads\/2023\/11\/CARTAZ_Cool_Orchestra_AEMC-768x1087.png 768w, http:\/\/www.aemc.pt\/portal\/wp-content\/uploads\/2023\/11\/CARTAZ_Cool_Orchestra_AEMC-1085x1536.png 1085w, http:\/\/www.aemc.pt\/portal\/wp-content\/uploads\/2023\/11\/CARTAZ_Cool_Orchestra_AEMC.png 1122w\" sizes=\"auto, (max-width: 724px) 100vw, 724px\" \/><\/figure>\n\n\n\n<br><br><br><br><br><br>\n","protected":false},"excerpt":{"rendered":"<p>&#8220;Cool&#8221; Orchestra AEMC \u2013 O Projeto Formar uma orquestra escolar \u00e9 uma iniciativa que pode transformar a vida dos alunos,<\/p>\n","protected":false},"author":1,"featured_media":0,"parent":0,"menu_order":0,"comment_status":"closed","ping_status":"closed","template":"","meta":{"colormag_page_container_layout":"no_sidebar_full_width","colormag_page_sidebar_layout":"no_sidebar","ngg_post_thumbnail":0,"iawp_total_views":35,"footnotes":"","_links_to":"","_links_to_target":""},"class_list":["post-6175","page","type-page","status-publish","hentry"],"_links":{"self":[{"href":"http:\/\/www.aemc.pt\/portal\/index.php\/wp-json\/wp\/v2\/pages\/6175","targetHints":{"allow":["GET"]}}],"collection":[{"href":"http:\/\/www.aemc.pt\/portal\/index.php\/wp-json\/wp\/v2\/pages"}],"about":[{"href":"http:\/\/www.aemc.pt\/portal\/index.php\/wp-json\/wp\/v2\/types\/page"}],"author":[{"embeddable":true,"href":"http:\/\/www.aemc.pt\/portal\/index.php\/wp-json\/wp\/v2\/users\/1"}],"replies":[{"embeddable":true,"href":"http:\/\/www.aemc.pt\/portal\/index.php\/wp-json\/wp\/v2\/comments?post=6175"}],"version-history":[{"count":8,"href":"http:\/\/www.aemc.pt\/portal\/index.php\/wp-json\/wp\/v2\/pages\/6175\/revisions"}],"predecessor-version":[{"id":6187,"href":"http:\/\/www.aemc.pt\/portal\/index.php\/wp-json\/wp\/v2\/pages\/6175\/revisions\/6187"}],"wp:attachment":[{"href":"http:\/\/www.aemc.pt\/portal\/index.php\/wp-json\/wp\/v2\/media?parent=6175"}],"curies":[{"name":"wp","href":"https:\/\/api.w.org\/{rel}","templated":true}]}}