{"id":6624,"date":"2024-03-26T21:15:35","date_gmt":"2024-03-26T20:15:35","guid":{"rendered":"http:\/\/www.aemc.pt\/portal\/?page_id=6624"},"modified":"2024-05-23T11:47:52","modified_gmt":"2024-05-23T10:47:52","slug":"exames-e-provas-finais-2024","status":"publish","type":"page","link":"http:\/\/www.aemc.pt\/portal\/index.php\/exames-e-provas-finais-2024\/","title":{"rendered":"Exames e Provas Finais &#8211; 2024"},"content":{"rendered":"<blockquote>\n<p><strong>EXAMES FINAIS NACIONAIS E PROVAS DE EQUIVAL\u00caNCIA \u00c0 FREQU\u00caNCIA DO ENSINO SECUND\u00c1RIO<\/strong><\/p>\n<\/blockquote>\n<p>As provas finais do ensino b\u00e1sico e os exames finais nacionais do ensino secund\u00e1rio realizam-se, regra geral, nos estabelecimentos de ensino p\u00fablico \u2013 agrupamentos de escolas ou escolas n\u00e3o agrupadas \u2013 e nos estabelecimentos de ensino particular e cooperativo.<\/p>\n<p style=\"text-align: right;\">&nbsp;<\/p>\n<p><span style=\"color: #800080;\"><strong>LIGA\u00c7\u00d5ES \u00daTEIS:<\/strong><\/span><\/p>\n\n\n<p style=\"text-align:right\"><a href=\"http:\/\/www.aemc.pt\/portal\/index.php\/exames-e-provas-finais-2023\/\" target=\"_SELF\" rel=\"noopener no referrer noreferrer\">EXAMES e PROVAS FINAIS &#8211; 2023 <\/a><i class=\"fa-solid fa-display\"><\/i><\/p>\n\n\n\n<p><i class=\"far fa-file-pdf\"><\/i><a href=\"http:\/\/www.aemc.pt\/portal\/wp-content\/uploads\/2024\/03\/DespNorm4_2024de21fev.pdf\" target=\"_blank\" rel=\"noopener no referrer noreferrer\"> Despacho Normativo n.\u00ba 4\/2024<\/a><\/p>\n\n\n\n<p><i class=\"far fa-file-pdf\"><\/i><a href=\"http:\/\/www.aemc.pt\/portal\/wp-content\/uploads\/2024\/03\/Guia-Geral-de-Exames-2024.pdf\" target=\"_blank\" rel=\"noopener no referrer\"> Guia Geral de Exames 2024<\/a><\/p>\n\n\n\n<p><i class=\"far fa-file-pdf\"><\/i><a href=\"http:\/\/www.aemc.pt\/portal\/wp-content\/uploads\/2024\/03\/Norma-01-2024.pdf\" target=\"_blank\" rel=\"noopener no referrer noreferrer\"> Instru\u00e7\u00f5es para Inscri\u00e7\u00e3o em Provas e Exames (Norma 01) \u2013 JNE 2024<\/a><\/p>\n\n\n\n<p><i class=\"fa-solid fa-laptop-file\"><\/i><a href=\"https:\/\/jnepiepe.dge.mec.pt\/site\/login\" target=\"_blank\" rel=\"noopener no referrer noreferrer\"> PLATAFORMA DE INSCRI\u00c7\u00c3O ELETR\u00d3NICA EM PROVAS E EXAMES &#8211; PIEPE<\/a><\/p>\n\n\n\n<p><i class=\"far fa-file-pdf\"><\/i><a href=\"http:\/\/www.aemc.pt\/portal\/wp-content\/uploads\/2024\/03\/Guia-para-aplicacoes-de-adaptacoes-na-realizacao-de-provas-e-exames.pdf\" target=\"_blank\" rel=\"noopener no referrer noreferrer\"> Guia para Aplica\u00e7\u00e3o de Adapta\u00e7\u00f5es na Realiza\u00e7\u00e3o de Provas e Exames \u2013 JNE 2024<\/a><\/p>\n\n\n\n<p><i class=\"far fa-file-pdf\"><\/i><a href=\"http:\/\/www.aemc.pt\/portal\/wp-content\/uploads\/2024\/04\/Guia-para-a-realizacao-das-provas-de-afericao-2024.pdf\" target=\"_blank\" rel=\"noopener no referrer noreferrer\"> Guia para a Realiza\u00e7\u00e3o das Provas de Aferi\u00e7\u00e3o \u2013 2024<\/a><\/p>\n\n\n\n<p><i class=\"far fa-file-pdf\"><\/i><a href=\"http:\/\/www.aemc.pt\/portal\/wp-content\/uploads\/2024\/05\/Norma-2-2024.pdf\" target=\"_blank\" rel=\"noopener no referrer noreferrer\"> NORMA 02\/JNE\/2024 \u2013 Instru\u00e7\u00f5es para Realiza\u00e7\u00e3o | Classifica\u00e7\u00e3o | Reaprecia\u00e7\u00e3o | Reclama\u00e7\u00e3o <\/a><\/p>\n\n\n\n<p><i class=\"far fa-file-pdf\"><\/i><a href=\"http:\/\/www.aemc.pt\/portal\/wp-content\/uploads\/2024\/05\/Resumo-da-Norma-2-2024.pdf\" target=\"_blank\" rel=\"noopener no referrer noreferrer\"> NORMA 02\/JNE\/2024 \u2013 Resumo para Alunos e Encarregados de Educa\u00e7\u00e3o <\/a><\/p>\n\n\n\n<p><i class=\"far fa-file-pdf\"><\/i><a href=\"http:\/\/www.aemc.pt\/portal\/wp-content\/uploads\/2024\/05\/Avaliacao-Externa-das-Aprendizagens.pdf\" target=\"_blank\" rel=\"noopener no referrer noreferrer\"> Avalia\u00e7\u00e3o Externa das Aprendizagens &#8211; Realiza\u00e7\u00e3o de Provas e Exames 2024 <\/a><\/p>\n\n\n\n<BR><BR><BR>\n","protected":false},"excerpt":{"rendered":"<p>EXAMES FINAIS NACIONAIS E PROVAS DE EQUIVAL\u00caNCIA \u00c0 FREQU\u00caNCIA DO ENSINO SECUND\u00c1RIO As provas finais do ensino b\u00e1sico e os<\/p>\n","protected":false},"author":1,"featured_media":6627,"parent":0,"menu_order":0,"comment_status":"closed","ping_status":"closed","template":"","meta":{"colormag_page_container_layout":"no_sidebar_full_width","colormag_page_sidebar_layout":"no_sidebar","ngg_post_thumbnail":0,"iawp_total_views":7,"footnotes":"","_links_to":"","_links_to_target":""},"class_list":["post-6624","page","type-page","status-publish","has-post-thumbnail","hentry"],"_links":{"self":[{"href":"http:\/\/www.aemc.pt\/portal\/index.php\/wp-json\/wp\/v2\/pages\/6624","targetHints":{"allow":["GET"]}}],"collection":[{"href":"http:\/\/www.aemc.pt\/portal\/index.php\/wp-json\/wp\/v2\/pages"}],"about":[{"href":"http:\/\/www.aemc.pt\/portal\/index.php\/wp-json\/wp\/v2\/types\/page"}],"author":[{"embeddable":true,"href":"http:\/\/www.aemc.pt\/portal\/index.php\/wp-json\/wp\/v2\/users\/1"}],"replies":[{"embeddable":true,"href":"http:\/\/www.aemc.pt\/portal\/index.php\/wp-json\/wp\/v2\/comments?post=6624"}],"version-history":[{"count":30,"href":"http:\/\/www.aemc.pt\/portal\/index.php\/wp-json\/wp\/v2\/pages\/6624\/revisions"}],"predecessor-version":[{"id":6946,"href":"http:\/\/www.aemc.pt\/portal\/index.php\/wp-json\/wp\/v2\/pages\/6624\/revisions\/6946"}],"wp:featuredmedia":[{"embeddable":true,"href":"http:\/\/www.aemc.pt\/portal\/index.php\/wp-json\/wp\/v2\/media\/6627"}],"wp:attachment":[{"href":"http:\/\/www.aemc.pt\/portal\/index.php\/wp-json\/wp\/v2\/media?parent=6624"}],"curies":[{"name":"wp","href":"https:\/\/api.w.org\/{rel}","templated":true}]}}