{"id":8328,"date":"2025-09-17T18:32:11","date_gmt":"2025-09-17T17:32:11","guid":{"rendered":"https:\/\/www.aemc.pt\/portal\/?page_id=8328"},"modified":"2025-09-17T18:33:36","modified_gmt":"2025-09-17T17:33:36","slug":"erasmuspro","status":"publish","type":"page","link":"http:\/\/www.aemc.pt\/portal\/index.php\/erasmuspro\/","title":{"rendered":""},"content":{"rendered":"\n<figure class=\"wp-block-image size-full\"><img loading=\"lazy\" decoding=\"async\" width=\"1400\" height=\"494\" src=\"http:\/\/www.aemc.pt\/portal\/wp-content\/uploads\/2023\/10\/ANEEF__logo__v01_azul-1.jpg\" alt=\"\" class=\"wp-image-6088\" srcset=\"http:\/\/www.aemc.pt\/portal\/wp-content\/uploads\/2023\/10\/ANEEF__logo__v01_azul-1.jpg 1400w, http:\/\/www.aemc.pt\/portal\/wp-content\/uploads\/2023\/10\/ANEEF__logo__v01_azul-1-300x106.jpg 300w, http:\/\/www.aemc.pt\/portal\/wp-content\/uploads\/2023\/10\/ANEEF__logo__v01_azul-1-768x271.jpg 768w, http:\/\/www.aemc.pt\/portal\/wp-content\/uploads\/2023\/10\/ANEEF__logo__v01_azul-1-1024x361.jpg 1024w\" sizes=\"auto, (max-width: 1400px) 100vw, 1400px\" \/><\/figure>\n\n\n\n<blockquote class=\"wp-block-quote is-layout-flow wp-block-quote-is-layout-flow\">\n<p>ERASMUS+ PRO<\/p>\n<\/blockquote>\n\n\n\n<br>\n\n\n\n<div class=\"wp-block-columns is-layout-flex wp-container-core-columns-is-layout-28f84493 wp-block-columns-is-layout-flex\">\n<div class=\"wp-block-column is-layout-flow wp-block-column-is-layout-flow\" style=\"flex-basis:33.33%\">\n<p><strong>INFORMA\u00c7\u00d5ES SOBRE O PROJETO<\/strong><\/p>\n\n\n\n<p><strong>Nome:<\/strong> Erasmus+Pro<\/p>\n\n\n\n<p><strong>N.\u00ba:<\/strong> 2025-1-PT01-KA121-VET-000328499<\/p>\n\n\n\n<p><strong>Dura\u00e7\u00e3o:<\/strong> 15 meses<\/p>\n\n\n\n<p><strong>In\u00edcio:<\/strong> 01\/06\/2025<\/p>\n\n\n\n<p><strong>Fim:<\/strong> 01\/09\/2026<\/p>\n\n\n\n<br><br>\n\n\n\n<div class=\"wp-block-buttons is-layout-flex wp-block-buttons-is-layout-flex\">\n<div class=\"wp-block-button\"><a class=\"wp-block-button__link wp-element-button\" href=\"https:\/\/forms.office.com\/Pages\/ResponsePage.aspx?id=IPwIAMxxwUy3bxBJk6VdVUA3RbyVsB5NumURxJ9AwnpUN1dWUEpTRklZUVAwMkQ0UkVTRTlCRFNYUS4u\" target=\"_blank\" rel=\"noreferrer noopener\">Inscreve-te AQUI<\/a><\/div>\n<\/div>\n<\/div>\n\n\n\n<div class=\"wp-block-column is-layout-flow wp-block-column-is-layout-flow\" style=\"flex-basis:66.66%\">\n<p>O Programa de Mobilidade Erasmus+ \u00e9 uma iniciativa da Uni\u00e3o Europeia que visa oferecer oportunidades de aprendizagem aos indiv\u00edduos para que possam melhorar as suas compet\u00eancias e aumentar a sua empregabilidade, ganhar consci\u00eancia cultural e identidade europeia.<\/p>\n\n\n\n<p><br>O projeto contempla as mobilidades VET, destinada aos formandos do Agrupamento de Escolas de Macedo de Cavaleiros (AEMC), nomeadamente para a realiza\u00e7\u00e3o da componente da forma\u00e7\u00e3o em contexto de trabalho (FCT); Job-shadowing, direcionada para os docentes do AEMC. No \u00e2mbito da mobilidade VET ser\u00e1 proporcionado a 10 formandos, 5 dos quais ter\u00e3o de ser exclusivamente a alunos com menos oportunidades, do 2\u00ba ano, 3.\u00ba ano e finalistas do ano anterior \u00e0 mobilidade, a realiza\u00e7\u00e3o de 90 horas do est\u00e1gio curricular (FCT) com a dura\u00e7\u00e3o de 20 dias no per\u00edodo de dura\u00e7\u00e3o do programa, em Espanha de acordo com o perfil do curso.<\/p>\n\n\n\n<BR>\n\n\n\n<p><strong>OBJETIVOS DO PROJETO<\/strong><\/p>\n\n\n\n<ul class=\"wp-block-list\">\n<li>Uma maior inclus\u00e3o<\/li>\n\n\n\n<li>Iniciar a internacionaliza\u00e7\u00e3o dos alunos e formadores do ensino profissional do Agrupamento de Escolas de Macedo de Cavaleiros<\/li>\n\n\n\n<li>Aumento de empregabilidade<\/li>\n\n\n\n<li>Aumento de qualifica\u00e7\u00f5es e capacita\u00e7\u00e3o digital dos formadores <\/li>\n\n\n\n<li>Sustentabilidade, redu\u00e7\u00e3o da pegada ecol\u00f3gica<\/li>\n<\/ul>\n\n\n\n<BR>\n\n\n\n<p><strong>CIDADES<\/strong><\/p>\n\n\n\n<ul class=\"wp-block-list\">\n<li>M\u00e1laga<\/li>\n<\/ul>\n\n\n\n<p><i class=\"far fa-file-pdf\"><\/i><a href=\"http:\/\/www.aemc.pt\/portal\/wp-content\/uploads\/2025\/05\/Regulamento-atualizado.pdf\" target=\"_blank\" rel=\"noopener noreferrer\"> Regulamento ERASMUS+<\/a><\/p>\n<p>&nbsp;<\/p>\n\n\n\n<figure class=\"wp-block-image size-full\" id=\"cert-erasmus\"><img loading=\"lazy\" decoding=\"async\" width=\"995\" height=\"703\" src=\"http:\/\/www.aemc.pt\/portal\/wp-content\/uploads\/2024\/05\/ACREDITACAO-ERASMUS.jpg\" alt=\"\" class=\"wp-image-6796\" srcset=\"http:\/\/www.aemc.pt\/portal\/wp-content\/uploads\/2024\/05\/ACREDITACAO-ERASMUS.jpg 995w, http:\/\/www.aemc.pt\/portal\/wp-content\/uploads\/2024\/05\/ACREDITACAO-ERASMUS-300x212.jpg 300w, http:\/\/www.aemc.pt\/portal\/wp-content\/uploads\/2024\/05\/ACREDITACAO-ERASMUS-768x543.jpg 768w\" sizes=\"auto, (max-width: 995px) 100vw, 995px\" \/><\/figure>\n<\/div>\n<\/div>\n\n\n\n<br><br><br><br><br><br>\n\n\n","protected":false},"excerpt":{"rendered":"<p>ERASMUS+ PRO INFORMA\u00c7\u00d5ES SOBRE O PROJETO Nome: Erasmus+Pro N.\u00ba: 2025-1-PT01-KA121-VET-000328499 Dura\u00e7\u00e3o: 15 meses In\u00edcio: 01\/06\/2025 Fim: 01\/09\/2026 O Programa de<\/p>\n","protected":false},"author":1,"featured_media":0,"parent":0,"menu_order":0,"comment_status":"closed","ping_status":"closed","template":"","meta":{"colormag_page_container_layout":"no_sidebar_full_width","colormag_page_sidebar_layout":"no_sidebar","ngg_post_thumbnail":0,"iawp_total_views":82,"footnotes":"","_links_to":"","_links_to_target":""},"class_list":["post-8328","page","type-page","status-publish","hentry"],"_links":{"self":[{"href":"http:\/\/www.aemc.pt\/portal\/index.php\/wp-json\/wp\/v2\/pages\/8328","targetHints":{"allow":["GET"]}}],"collection":[{"href":"http:\/\/www.aemc.pt\/portal\/index.php\/wp-json\/wp\/v2\/pages"}],"about":[{"href":"http:\/\/www.aemc.pt\/portal\/index.php\/wp-json\/wp\/v2\/types\/page"}],"author":[{"embeddable":true,"href":"http:\/\/www.aemc.pt\/portal\/index.php\/wp-json\/wp\/v2\/users\/1"}],"replies":[{"embeddable":true,"href":"http:\/\/www.aemc.pt\/portal\/index.php\/wp-json\/wp\/v2\/comments?post=8328"}],"version-history":[{"count":1,"href":"http:\/\/www.aemc.pt\/portal\/index.php\/wp-json\/wp\/v2\/pages\/8328\/revisions"}],"predecessor-version":[{"id":8334,"href":"http:\/\/www.aemc.pt\/portal\/index.php\/wp-json\/wp\/v2\/pages\/8328\/revisions\/8334"}],"wp:attachment":[{"href":"http:\/\/www.aemc.pt\/portal\/index.php\/wp-json\/wp\/v2\/media?parent=8328"}],"curies":[{"name":"wp","href":"https:\/\/api.w.org\/{rel}","templated":true}]}}