{"id":834,"date":"2019-03-12T16:16:02","date_gmt":"2019-03-12T16:16:02","guid":{"rendered":"http:\/\/www.aemc.pt\/portal\/?page_id=834"},"modified":"2024-05-15T16:54:30","modified_gmt":"2024-05-15T15:54:30","slug":"plano-de-melhoria","status":"publish","type":"page","link":"http:\/\/www.aemc.pt\/portal\/index.php\/plano-de-melhoria\/","title":{"rendered":"Plano de Melhoria"},"content":{"rendered":"\n<blockquote class=\"wp-block-quote is-layout-flow wp-block-quote-is-layout-flow\">\n<p>O presente plano de melhoria resulta do processo de autoavalia\u00e7\u00e3o implementado pelo Agrupamento de Escolas de Macedo de Cavaleiros durante o ano letivo de 2017\/2018 e do qual resultou um relat\u00f3rio caracterizador do seu estado de desenvolvimento quanto aos aspetos fortes e \u00e1reas de melhoria.<\/p>\n<\/blockquote>\n\n\n\n<p>O processo de autoavalia\u00e7\u00e3o teve como miss\u00e3o identificar os aspetos que possam contribuir para a melhoria da qualidade educativa e dos seus n\u00edveis de efic\u00e1cia e efici\u00eancia, estimulando uma cultura de qualidade, exig\u00eancia e responsabilidade. Baseia-se numa nova abordagem ao trabalho da organiza\u00e7\u00e3o, promovendo de forma colaborativa, processo de reflex\u00e3o interna sobre os modos como nos organizamos e gerimos os nossos recursos internos e externos para a prossecu\u00e7\u00e3o dos objetivos de melhoria da qualidade educativa, atrav\u00e9s das melhores pr\u00e1ticas organizativas e pedag\u00f3gicas.<\/p>\n\n\n\n<p>O plano de melhoria ir\u00e1 conter as a\u00e7\u00f5es estrat\u00e9gicas que a equipa de autoavalia\u00e7\u00e3o entende propor como merecedoras de prioridade no esfor\u00e7o de melhoria e que, em articula\u00e7\u00e3o com as sugest\u00f5es resultantes da avalia\u00e7\u00e3o externa, consubstanciar\u00e1 o plano de melhoria do Agrupamento a implementar nos anos letivos de 2017\/2019.<\/p>\n\n\n\n<p><i class=\"far fa-file-pdf\"><\/i><a href=\"http:\/\/www.aemc.pt\/portal\/wp-content\/uploads\/2021\/03\/Plano-de-Melhorias-AEMC-_Site.pdf\" target=\"_blank\" rel=\"noopener noreferrer\"> Plano de Melhoria (ano letivo de 2017\/2018 e 2018\/2019)<\/a><\/p>\n\n\n\n<p><i class=\"far fa-file-pdf\"><\/i><a href=\"http:\/\/www.aemc.pt\/portal\/wp-content\/uploads\/2021\/03\/Plano-de-Melhorias-AEMC-_Out2020.pdf\" target=\"_blank\" rel=\"noopener noreferrer\"> Plano de Melhoria (avalia\u00e7\u00e3o final)<\/a><\/p>\n\n\n\n<br><br><br><br><br><br>\n","protected":false},"excerpt":{"rendered":"<p>O presente plano de melhoria resulta do processo de autoavalia\u00e7\u00e3o implementado pelo Agrupamento de Escolas de Macedo de Cavaleiros durante<\/p>\n","protected":false},"author":1,"featured_media":1149,"parent":0,"menu_order":0,"comment_status":"closed","ping_status":"closed","template":"","meta":{"colormag_page_container_layout":"no_sidebar_full_width","colormag_page_sidebar_layout":"no_sidebar","ngg_post_thumbnail":0,"iawp_total_views":46,"footnotes":"","_links_to":"","_links_to_target":""},"class_list":["post-834","page","type-page","status-publish","has-post-thumbnail","hentry"],"_links":{"self":[{"href":"http:\/\/www.aemc.pt\/portal\/index.php\/wp-json\/wp\/v2\/pages\/834","targetHints":{"allow":["GET"]}}],"collection":[{"href":"http:\/\/www.aemc.pt\/portal\/index.php\/wp-json\/wp\/v2\/pages"}],"about":[{"href":"http:\/\/www.aemc.pt\/portal\/index.php\/wp-json\/wp\/v2\/types\/page"}],"author":[{"embeddable":true,"href":"http:\/\/www.aemc.pt\/portal\/index.php\/wp-json\/wp\/v2\/users\/1"}],"replies":[{"embeddable":true,"href":"http:\/\/www.aemc.pt\/portal\/index.php\/wp-json\/wp\/v2\/comments?post=834"}],"version-history":[{"count":11,"href":"http:\/\/www.aemc.pt\/portal\/index.php\/wp-json\/wp\/v2\/pages\/834\/revisions"}],"predecessor-version":[{"id":6890,"href":"http:\/\/www.aemc.pt\/portal\/index.php\/wp-json\/wp\/v2\/pages\/834\/revisions\/6890"}],"wp:featuredmedia":[{"embeddable":true,"href":"http:\/\/www.aemc.pt\/portal\/index.php\/wp-json\/wp\/v2\/media\/1149"}],"wp:attachment":[{"href":"http:\/\/www.aemc.pt\/portal\/index.php\/wp-json\/wp\/v2\/media?parent=834"}],"curies":[{"name":"wp","href":"https:\/\/api.w.org\/{rel}","templated":true}]}}