{"id":974,"date":"2019-03-26T11:44:46","date_gmt":"2019-03-26T11:44:46","guid":{"rendered":"http:\/\/www.aemc.pt\/portal\/?page_id=974"},"modified":"2026-01-31T00:06:16","modified_gmt":"2026-01-30T23:06:16","slug":"conselho-geral","status":"publish","type":"page","link":"http:\/\/www.aemc.pt\/portal\/index.php\/conselho-geral\/","title":{"rendered":"Conselho Geral"},"content":{"rendered":"\n<blockquote class=\"wp-block-quote is-layout-flow wp-block-quote-is-layout-flow\">\n<p>Conselho Geral<\/p>\n<\/blockquote>\n\n\n\n<p><span style=\"color: #3366ff;\"><strong>REPRESENTANTES<\/strong><\/span><\/p>\n\n\n\n<p><strong><span style=\"color: #800080;\">PAIS E ENCARREGADOS DE EDUCA\u00c7\u00c3O<\/span><\/strong><br>Ana Paula de Albuquerque Cardoso Gon\u00e7alves Liberal<br>Ant\u00f3nio Valente Sousa<br>Carina Susana Correia dos Santos<br>Carlos Alexandre Rodrigues de S\u00e1 Morais<\/p>\n\n\n\n<p><span style=\"color: #800080;\"><strong>AUTARQUIA<\/strong><\/span><br>S\u00e9rgio David Ramos Borges<br>Clementina Augusta Mar\u00e7al Gemelgo<br>Rita Maria Gon\u00e7alves Santos Bento<\/p>\n\n\n\n<p><strong><span style=\"color: #800080;\">DIRETOR DO AGRUPAMENTO DE ESCOLAS<\/span><\/strong><br>Rog\u00e9rio Salvador Pereira Rodrigues<\/p>\n\n\n\n<p><span style=\"color: #800080;\"><strong>PESSOAL DOCENTE<\/strong><\/span><br>Maria Assun\u00e7\u00e3o Gemelgo Correia <strong>(Presidente)<\/strong><br>Ant\u00f3nio Manuel Teixeira Baptista<br>Carla Patr\u00edcia Fernandes Nascimento<br>Ant\u00f3nio do Nascimento Mesquita<br>Sara Cristina Oliveira Martins<br>Paula Cristina Fernandes Guedes Al\u00edpio<br>Domitila Ascens\u00e3o Guerra Alves<\/p>\n\n\n\n<p><strong><span style=\"color: #800080;\">PESSOAL N\u00c3O DOCENTE<\/span><\/strong><br>Susana Maria Serapicos Cabe\u00e7a<br>Maria Ang\u00e9lica Anes Fernandes<\/p>\n\n\n\n<p><strong><span style=\"color: #800080;\">ALUNOS<\/span><\/strong><br>Ana Rita Afonso Correia<br>Lara Patr\u00edcia Pinto Meirinho<\/p>\n\n\n\n<p><span style=\"color: #800080;\"><strong>ENTIDADES<\/strong><\/span><br><strong>Associa\u00e7\u00e3o Humanit\u00e1ria dos Bombeiros Volunt\u00e1rios de Macedo de Cavaleiros<\/strong> \u2013 Jo\u00e3o Carlos Gouveia Venceslau<br><strong>Instituto Polit\u00e9cnico de Bragan\u00e7a<\/strong> \u2013 Maria Cristina do Espirito Santo Martins<br><strong>Instituto Emprego e Forma\u00e7\u00e3o Profissional <\/strong>\u2013 Victor Jos\u00e9 Bebiano<\/p>\n\n\n\n<br>\n","protected":false},"excerpt":{"rendered":"<p>Conselho Geral REPRESENTANTES PAIS E ENCARREGADOS DE EDUCA\u00c7\u00c3OAna Paula de Albuquerque Cardoso Gon\u00e7alves LiberalAnt\u00f3nio Valente SousaCarina Susana Correia dos SantosCarlos<\/p>\n","protected":false},"author":1,"featured_media":6472,"parent":0,"menu_order":0,"comment_status":"closed","ping_status":"closed","template":"","meta":{"colormag_page_container_layout":"no_sidebar_full_width","colormag_page_sidebar_layout":"no_sidebar","ngg_post_thumbnail":0,"iawp_total_views":356,"footnotes":"","_links_to":"","_links_to_target":""},"class_list":["post-974","page","type-page","status-publish","has-post-thumbnail","hentry"],"_links":{"self":[{"href":"http:\/\/www.aemc.pt\/portal\/index.php\/wp-json\/wp\/v2\/pages\/974","targetHints":{"allow":["GET"]}}],"collection":[{"href":"http:\/\/www.aemc.pt\/portal\/index.php\/wp-json\/wp\/v2\/pages"}],"about":[{"href":"http:\/\/www.aemc.pt\/portal\/index.php\/wp-json\/wp\/v2\/types\/page"}],"author":[{"embeddable":true,"href":"http:\/\/www.aemc.pt\/portal\/index.php\/wp-json\/wp\/v2\/users\/1"}],"replies":[{"embeddable":true,"href":"http:\/\/www.aemc.pt\/portal\/index.php\/wp-json\/wp\/v2\/comments?post=974"}],"version-history":[{"count":26,"href":"http:\/\/www.aemc.pt\/portal\/index.php\/wp-json\/wp\/v2\/pages\/974\/revisions"}],"predecessor-version":[{"id":8742,"href":"http:\/\/www.aemc.pt\/portal\/index.php\/wp-json\/wp\/v2\/pages\/974\/revisions\/8742"}],"wp:featuredmedia":[{"embeddable":true,"href":"http:\/\/www.aemc.pt\/portal\/index.php\/wp-json\/wp\/v2\/media\/6472"}],"wp:attachment":[{"href":"http:\/\/www.aemc.pt\/portal\/index.php\/wp-json\/wp\/v2\/media?parent=974"}],"curies":[{"name":"wp","href":"https:\/\/api.w.org\/{rel}","templated":true}]}}