{"id":6266,"date":"2023-12-14T13:18:17","date_gmt":"2023-12-14T12:18:17","guid":{"rendered":"http:\/\/www.aemc.pt\/portal\/?page_id=6266"},"modified":"2023-12-15T11:17:38","modified_gmt":"2023-12-15T10:17:38","slug":"atividades-erasmus-pro","status":"publish","type":"page","link":"https:\/\/www.aemc.pt\/portal\/index.php\/atividades-erasmus-pro\/","title":{"rendered":"Atividades Erasmus+ PRO"},"content":{"rendered":"\n<blockquote class=\"wp-block-quote is-layout-flow wp-block-quote-is-layout-flow\">\n<p>Atividades realizadas no \u00e2mbito do projeto Erasmus+ PRO<\/p>\n<\/blockquote>\n\n\n\n<figure class=\"wp-block-pullquote\"><blockquote><p>[2023.11.07] Sess\u00e3o de divulga\u00e7\u00e3o para Formandos e Pais\/Encarregados de Educa\u00e7\u00e3o<\/p><\/blockquote><\/figure>\n\n\n\n<p>No dia 7 de novembro, o Agrupamento de Escolas de Macedo de Cavaleiros promoveu uma sess\u00e3o de esclarecimento sobre o projeto Erasmus, que visa promover a mobilidade internacional e a colabora\u00e7\u00e3o entre escolas e empresas europeias. A iniciativa foi recebida com entusiasmo por formandos, professores e encarregados de educa\u00e7\u00e3o, prometendo abrir portas para uma experi\u00eancia \u00fanica de aprendizagem intercultural.<\/p>\n\n\n\n<p>A apresenta\u00e7\u00e3o, que decorreu no audit\u00f3rio da escola, contou com a presen\u00e7a de professores, e, \u00e9 claro, os protagonistas desta jornada: os formandos. A subdiretora do Agrupamento de Escolas, Cl\u00e1udia Silva, iniciou o evento destacando a import\u00e2ncia do programa Erasmus e seus benef\u00edcios no desenvolvimento acad\u00e9mico e pessoal dos participantes.<\/p>\n\n\n\n<p>Os formandos, ansiosos e curiosos, foram apresentados aos detalhes do projeto por uma equipa de professores coordenadores. Explicaram-se os objetivos do Erasmus, destacando o interc\u00e2mbio cultural, a partilha de conhecimentos e a cria\u00e7\u00e3o de la\u00e7os duradouros entre os participantes.<\/p>\n\n\n\n<p>Durante a apresenta\u00e7\u00e3o, foram partilhadas experi\u00eancias de projetos Erasmus, com testemunhos de estudantes que puderam vivenciar diferentes culturas e desenvolver compet\u00eancias valiosas para o futuro.<\/p>\n\n\n\n<p>Os encarregados de educa\u00e7\u00e3o, manifestaram o seu apoio ao programa, reconhecendo o valor acrescentado que o Erasmus proporciona na forma\u00e7\u00e3o integral dos seus educandos. Al\u00e9m disso, expressaram entusiasmo com a ideia de terem seus filhos como &#8220;embaixadores&#8221; da escola e da regi\u00e3o, promovendo a imagem de Macedo de Cavaleiros al\u00e9m-fronteiras.<\/p>\n\n\n\n<p>Ao final da apresenta\u00e7\u00e3o, foi aberto um espa\u00e7o para perguntas, onde pais e alunos puderam esclarecer d\u00favidas e obter mais informa\u00e7\u00f5es sobre o processo de sele\u00e7\u00e3o e os detalhes pr\u00e1ticos da participa\u00e7\u00e3o no Erasmus.<\/p>\n\n\n\n<p>A apresenta\u00e7\u00e3o do projeto Erasmus no Agrupamento de Escolas de Macedo de Cavaleiros foi, sem d\u00favida, um marco importante na promo\u00e7\u00e3o da educa\u00e7\u00e3o internacional, destacando a vis\u00e3o inovadora da escola em proporcionar experi\u00eancias enriquecedoras aos seus estudantes. Agora, com as expectativas elevadas, aguarda-se com entusiasmo o in\u00edcio do processo de sele\u00e7\u00e3o dos participantes e o in\u00edcio desta jornada \u00fanica de aprendizagem e descoberta.&#8221;<\/p>\n\n\n\n<figure class=\"wp-block-gallery has-nested-images columns-default is-cropped wp-block-gallery-1 is-layout-flex wp-block-gallery-is-layout-flex\">\n<figure class=\"wp-block-image size-large\"><a href=\"http:\/\/www.aemc.pt\/portal\/wp-content\/uploads\/2023\/12\/8-20231109_104426-scaled.jpg\"><img loading=\"lazy\" decoding=\"async\" width=\"1024\" height=\"563\" data-id=\"6279\" src=\"http:\/\/www.aemc.pt\/portal\/wp-content\/uploads\/2023\/12\/8-20231109_104426-1024x563.jpg\" alt=\"\" class=\"wp-image-6279\" srcset=\"https:\/\/www.aemc.pt\/portal\/wp-content\/uploads\/2023\/12\/8-20231109_104426-1024x563.jpg 1024w, https:\/\/www.aemc.pt\/portal\/wp-content\/uploads\/2023\/12\/8-20231109_104426-2048x1125.jpg 2048w, https:\/\/www.aemc.pt\/portal\/wp-content\/uploads\/2023\/12\/8-20231109_104426-300x165.jpg 300w, https:\/\/www.aemc.pt\/portal\/wp-content\/uploads\/2023\/12\/8-20231109_104426-768x422.jpg 768w, https:\/\/www.aemc.pt\/portal\/wp-content\/uploads\/2023\/12\/8-20231109_104426-1536x844.jpg 1536w\" sizes=\"auto, (max-width: 1024px) 100vw, 1024px\" \/><\/a><\/figure>\n\n\n\n<figure class=\"wp-block-image size-large\"><a href=\"http:\/\/www.aemc.pt\/portal\/wp-content\/uploads\/2023\/12\/5-IMG-20231121-WA0000.jpg\"><img loading=\"lazy\" decoding=\"async\" width=\"1024\" height=\"694\" data-id=\"6274\" src=\"http:\/\/www.aemc.pt\/portal\/wp-content\/uploads\/2023\/12\/5-IMG-20231121-WA0000-1024x694.jpg\" alt=\"\" class=\"wp-image-6274\" srcset=\"https:\/\/www.aemc.pt\/portal\/wp-content\/uploads\/2023\/12\/5-IMG-20231121-WA0000-1024x694.jpg 1024w, https:\/\/www.aemc.pt\/portal\/wp-content\/uploads\/2023\/12\/5-IMG-20231121-WA0000-300x203.jpg 300w, https:\/\/www.aemc.pt\/portal\/wp-content\/uploads\/2023\/12\/5-IMG-20231121-WA0000-768x520.jpg 768w, https:\/\/www.aemc.pt\/portal\/wp-content\/uploads\/2023\/12\/5-IMG-20231121-WA0000-1536x1040.jpg 1536w, https:\/\/www.aemc.pt\/portal\/wp-content\/uploads\/2023\/12\/5-IMG-20231121-WA0000.jpg 1887w\" sizes=\"auto, (max-width: 1024px) 100vw, 1024px\" \/><\/a><\/figure>\n\n\n\n<figure class=\"wp-block-image size-large\"><a href=\"http:\/\/www.aemc.pt\/portal\/wp-content\/uploads\/2023\/12\/4-IMG-20231121-WA0002.jpg\"><img loading=\"lazy\" decoding=\"async\" width=\"1024\" height=\"634\" data-id=\"6273\" src=\"http:\/\/www.aemc.pt\/portal\/wp-content\/uploads\/2023\/12\/4-IMG-20231121-WA0002-1024x634.jpg\" alt=\"\" class=\"wp-image-6273\" srcset=\"https:\/\/www.aemc.pt\/portal\/wp-content\/uploads\/2023\/12\/4-IMG-20231121-WA0002-1024x634.jpg 1024w, https:\/\/www.aemc.pt\/portal\/wp-content\/uploads\/2023\/12\/4-IMG-20231121-WA0002-300x186.jpg 300w, https:\/\/www.aemc.pt\/portal\/wp-content\/uploads\/2023\/12\/4-IMG-20231121-WA0002-768x475.jpg 768w, https:\/\/www.aemc.pt\/portal\/wp-content\/uploads\/2023\/12\/4-IMG-20231121-WA0002-1536x950.jpg 1536w, https:\/\/www.aemc.pt\/portal\/wp-content\/uploads\/2023\/12\/4-IMG-20231121-WA0002.jpg 1818w\" sizes=\"auto, (max-width: 1024px) 100vw, 1024px\" \/><\/a><\/figure>\n\n\n\n<figure class=\"wp-block-image size-large\"><a href=\"http:\/\/www.aemc.pt\/portal\/wp-content\/uploads\/2023\/12\/3-20231109_105020-scaled.jpg\"><img loading=\"lazy\" decoding=\"async\" width=\"1024\" height=\"551\" data-id=\"6276\" src=\"http:\/\/www.aemc.pt\/portal\/wp-content\/uploads\/2023\/12\/3-20231109_105020-1024x551.jpg\" alt=\"\" class=\"wp-image-6276\" srcset=\"https:\/\/www.aemc.pt\/portal\/wp-content\/uploads\/2023\/12\/3-20231109_105020-1024x551.jpg 1024w, https:\/\/www.aemc.pt\/portal\/wp-content\/uploads\/2023\/12\/3-20231109_105020-300x161.jpg 300w, https:\/\/www.aemc.pt\/portal\/wp-content\/uploads\/2023\/12\/3-20231109_105020-768x413.jpg 768w, https:\/\/www.aemc.pt\/portal\/wp-content\/uploads\/2023\/12\/3-20231109_105020-1536x827.jpg 1536w, https:\/\/www.aemc.pt\/portal\/wp-content\/uploads\/2023\/12\/3-20231109_105020-2048x1102.jpg 2048w\" sizes=\"auto, (max-width: 1024px) 100vw, 1024px\" \/><\/a><\/figure>\n\n\n\n<figure class=\"wp-block-image size-large\"><a href=\"http:\/\/www.aemc.pt\/portal\/wp-content\/uploads\/2023\/12\/2-20231109_104954-scaled.jpg\"><img loading=\"lazy\" decoding=\"async\" width=\"731\" height=\"1024\" data-id=\"6277\" src=\"http:\/\/www.aemc.pt\/portal\/wp-content\/uploads\/2023\/12\/2-20231109_104954-731x1024.jpg\" alt=\"\" class=\"wp-image-6277\" srcset=\"https:\/\/www.aemc.pt\/portal\/wp-content\/uploads\/2023\/12\/2-20231109_104954-731x1024.jpg 731w, https:\/\/www.aemc.pt\/portal\/wp-content\/uploads\/2023\/12\/2-20231109_104954-214x300.jpg 214w, https:\/\/www.aemc.pt\/portal\/wp-content\/uploads\/2023\/12\/2-20231109_104954-768x1076.jpg 768w, https:\/\/www.aemc.pt\/portal\/wp-content\/uploads\/2023\/12\/2-20231109_104954-1097x1536.jpg 1097w, https:\/\/www.aemc.pt\/portal\/wp-content\/uploads\/2023\/12\/2-20231109_104954-1462x2048.jpg 1462w, https:\/\/www.aemc.pt\/portal\/wp-content\/uploads\/2023\/12\/2-20231109_104954-scaled.jpg 1828w\" sizes=\"auto, (max-width: 731px) 100vw, 731px\" \/><\/a><\/figure>\n\n\n\n<figure class=\"wp-block-image size-large\"><a href=\"http:\/\/www.aemc.pt\/portal\/wp-content\/uploads\/2023\/12\/1-f24e138a-1adc-42b5-b06a-7812c31b8d4a.jpg\"><img loading=\"lazy\" decoding=\"async\" width=\"947\" height=\"1024\" data-id=\"6278\" src=\"http:\/\/www.aemc.pt\/portal\/wp-content\/uploads\/2023\/12\/1-f24e138a-1adc-42b5-b06a-7812c31b8d4a-947x1024.jpg\" alt=\"\" class=\"wp-image-6278\" srcset=\"https:\/\/www.aemc.pt\/portal\/wp-content\/uploads\/2023\/12\/1-f24e138a-1adc-42b5-b06a-7812c31b8d4a-947x1024.jpg 947w, https:\/\/www.aemc.pt\/portal\/wp-content\/uploads\/2023\/12\/1-f24e138a-1adc-42b5-b06a-7812c31b8d4a-277x300.jpg 277w, https:\/\/www.aemc.pt\/portal\/wp-content\/uploads\/2023\/12\/1-f24e138a-1adc-42b5-b06a-7812c31b8d4a-768x831.jpg 768w, https:\/\/www.aemc.pt\/portal\/wp-content\/uploads\/2023\/12\/1-f24e138a-1adc-42b5-b06a-7812c31b8d4a.jpg 1126w\" sizes=\"auto, (max-width: 947px) 100vw, 947px\" \/><\/a><\/figure>\n\n\n\n<figure class=\"wp-block-image size-large\"><a href=\"http:\/\/www.aemc.pt\/portal\/wp-content\/uploads\/2023\/12\/6-20231109_104319.jpg\"><img loading=\"lazy\" decoding=\"async\" width=\"1024\" height=\"804\" data-id=\"6275\" src=\"http:\/\/www.aemc.pt\/portal\/wp-content\/uploads\/2023\/12\/6-20231109_104319-1024x804.jpg\" alt=\"\" class=\"wp-image-6275\" srcset=\"https:\/\/www.aemc.pt\/portal\/wp-content\/uploads\/2023\/12\/6-20231109_104319-1024x804.jpg 1024w, https:\/\/www.aemc.pt\/portal\/wp-content\/uploads\/2023\/12\/6-20231109_104319-300x236.jpg 300w, https:\/\/www.aemc.pt\/portal\/wp-content\/uploads\/2023\/12\/6-20231109_104319-768x603.jpg 768w, https:\/\/www.aemc.pt\/portal\/wp-content\/uploads\/2023\/12\/6-20231109_104319-1536x1206.jpg 1536w, https:\/\/www.aemc.pt\/portal\/wp-content\/uploads\/2023\/12\/6-20231109_104319-2048x1608.jpg 2048w\" sizes=\"auto, (max-width: 1024px) 100vw, 1024px\" \/><\/a><\/figure>\n<\/figure>\n","protected":false},"excerpt":{"rendered":"<p>Atividades realizadas no \u00e2mbito do projeto Erasmus+ PRO [2023.11.07] Sess\u00e3o de divulga\u00e7\u00e3o para Formandos e Pais\/Encarregados de Educa\u00e7\u00e3o No dia<\/p>\n","protected":false},"author":1,"featured_media":0,"parent":0,"menu_order":0,"comment_status":"closed","ping_status":"closed","template":"","meta":{"colormag_page_container_layout":"no_sidebar_full_width","colormag_page_sidebar_layout":"no_sidebar","ngg_post_thumbnail":0,"iawp_total_views":26,"footnotes":"","_links_to":"","_links_to_target":""},"class_list":["post-6266","page","type-page","status-publish","hentry"],"_links":{"self":[{"href":"https:\/\/www.aemc.pt\/portal\/index.php\/wp-json\/wp\/v2\/pages\/6266","targetHints":{"allow":["GET"]}}],"collection":[{"href":"https:\/\/www.aemc.pt\/portal\/index.php\/wp-json\/wp\/v2\/pages"}],"about":[{"href":"https:\/\/www.aemc.pt\/portal\/index.php\/wp-json\/wp\/v2\/types\/page"}],"author":[{"embeddable":true,"href":"https:\/\/www.aemc.pt\/portal\/index.php\/wp-json\/wp\/v2\/users\/1"}],"replies":[{"embeddable":true,"href":"https:\/\/www.aemc.pt\/portal\/index.php\/wp-json\/wp\/v2\/comments?post=6266"}],"version-history":[{"count":4,"href":"https:\/\/www.aemc.pt\/portal\/index.php\/wp-json\/wp\/v2\/pages\/6266\/revisions"}],"predecessor-version":[{"id":6284,"href":"https:\/\/www.aemc.pt\/portal\/index.php\/wp-json\/wp\/v2\/pages\/6266\/revisions\/6284"}],"wp:attachment":[{"href":"https:\/\/www.aemc.pt\/portal\/index.php\/wp-json\/wp\/v2\/media?parent=6266"}],"curies":[{"name":"wp","href":"https:\/\/api.w.org\/{rel}","templated":true}]}}