{"id":7762,"date":"2025-02-13T20:06:54","date_gmt":"2025-02-13T19:06:54","guid":{"rendered":"https:\/\/www.aemc.pt\/portal\/?page_id=7762"},"modified":"2025-02-14T10:42:46","modified_gmt":"2025-02-14T09:42:46","slug":"registo-de-denuncia","status":"publish","type":"page","link":"https:\/\/www.aemc.pt\/portal\/index.php\/registo-de-denuncia\/","title":{"rendered":"Registo de den\u00fancia"},"content":{"rendered":"\n<blockquote class=\"wp-block-quote is-layout-flow wp-block-quote-is-layout-flow\">\n<p>Registo de den\u00fancia<\/p>\n<\/blockquote>\n\n\n<div class=\"everest-forms\"><div class=\"evf-container layout-two\" id=\"evf-53\"><form id=\"evf-form-53\" class=\"everest-form\" data-formid=\"53\" data-ajax_submission=\"0\" data-keyboard_friendly_form=\"0\" data-form_state_type=\"\" method=\"post\" enctype=\"multipart\/form-data\" action=\"\/portal\/index.php\/wp-json\/wp\/v2\/pages\/7762\"><div class=\"evf-field-container\"><input type=\"hidden\" id=\"_wpnonce53\" name=\"_wpnonce53\" value=\"4c791da8a1\" \/><input type=\"hidden\" name=\"_wp_http_referer\" value=\"\/portal\/index.php\/wp-json\/wp\/v2\/pages\/7762\" \/><div class=\"evf-frontend-row\" data-row=\"row_3\" conditional_rules=\"[]\"><div class=\"evf-frontend-grid evf-grid-1\" data-grid=\"grid_1\"><div id=\"evf-53-field_0uSlosgHs6-5-container\" class=\"evf-field evf-field-radio form-row validate-required\" data-required-field-message=\"Este campo \u00e9 obrigat\u00f3rio.\" data-field-id=\"0uSlosgHs6-5\"><label class=\"evf-field-label\" for=\"evf-53-field_0uSlosgHs6-5\"><span class=\"evf-label\">Pretende que a sua den\u00fancia seja an\u00f3nima?<\/span> <abbr class=\"required\" title=\"Required\">*<\/abbr><\/label><ul id=\"evf-53-field_0uSlosgHs6-5\" class=\" evf-field-required\"><li class=\"choice-1 depth-1\"><input type=\"radio\" id=\"evf-53-field_0uSlosgHs6-5_1\" class=\"input-text\" name=\"everest_forms[form_fields][0uSlosgHs6-5]\" value=\"Sim\" required ><label class=\"everest-forms-field-label-inline\" for=\"evf-53-field_0uSlosgHs6-5_1\">Sim<\/label><\/li><li class=\"choice-2 depth-1\"><input type=\"radio\" id=\"evf-53-field_0uSlosgHs6-5_2\" class=\"input-text\" name=\"everest_forms[form_fields][0uSlosgHs6-5]\" value=\"N\u00e3o\" required ><label class=\"everest-forms-field-label-inline\" for=\"evf-53-field_0uSlosgHs6-5_2\">N\u00e3o<\/label><\/li><\/ul><\/div><\/div><\/div><div class=\"evf-frontend-row\" data-row=\"row_7\" conditional_rules=\"[]\"><div class=\"evf-frontend-grid evf-grid-1\" data-grid=\"grid_1\"><div id=\"evf-53-field_AApWgS02bc-19-container\" class=\"evf-field evf-field-divider form-row\" data-field-id=\"AApWgS02bc-19\"><hr id=\"evf-53-field_AApWgS02bc-19\" class=\"input-text evf-divider default\" name=\"everest_forms[form_fields][AApWgS02bc-19]\"\/><\/div><\/div><\/div><div class=\"evf-frontend-row\" data-row=\"row_2\" conditional_rules=\"[]\"><div class=\"evf-frontend-grid evf-grid-1\" data-grid=\"grid_1\"><div id=\"evf-53-field_fullname-container\" class=\"evf-field evf-field-text form-row\" data-field-id=\"fullname\"><label class=\"evf-field-label\" for=\"evf-53-field_fullname\"><span class=\"evf-label\">Nome:<\/span> <\/label><input type=\"text\" id=\"evf-53-field_fullname\" class=\"input-text\" name=\"everest_forms[form_fields][fullname]\" ><\/div><\/div><\/div><div class=\"evf-frontend-row\" data-row=\"row_6\" conditional_rules=\"[]\"><div class=\"evf-frontend-grid evf-grid-2\" data-grid=\"grid_1\"><div id=\"evf-53-field_FG6S38Uosc-6-container\" class=\"evf-field evf-field-phone form-row validate-phone\" data-field-id=\"FG6S38Uosc-6\"><label class=\"evf-field-label\" for=\"evf-53-field_FG6S38Uosc-6\"><span class=\"evf-label\">Telefone:<\/span> <\/label><input type=\"tel\" id=\"evf-53-field_FG6S38Uosc-6\" class=\"input-text evf-smart-phone-field\" data-rule-smart-phone-field=\"true\" name=\"everest_forms[form_fields][FG6S38Uosc-6]\" ><\/div><\/div><div class=\"evf-frontend-grid evf-grid-2\" data-grid=\"grid_2\"><div id=\"evf-53-field_email-container\" class=\"evf-field evf-field-email form-row validate-email\" data-field-id=\"email\"><label class=\"evf-field-label\" for=\"evf-53-field_email\"><span class=\"evf-label\">Email:<\/span> <\/label><input type=\"email\" id=\"evf-53-field_email\" class=\"input-text\" name=\"everest_forms[form_fields][email]\"  ><\/div><\/div><\/div><div class=\"evf-frontend-row\" data-row=\"row_8\" conditional_rules=\"[]\"><div class=\"evf-frontend-grid evf-grid-1\" data-grid=\"grid_1\"><div id=\"evf-53-field_lr5y52z57W-20-container\" class=\"evf-field evf-field-divider form-row\" data-field-id=\"lr5y52z57W-20\"><hr id=\"evf-53-field_lr5y52z57W-20\" class=\"input-text evf-divider default\" name=\"everest_forms[form_fields][lr5y52z57W-20]\"\/><\/div><\/div><\/div><div class=\"evf-frontend-row\" data-row=\"row_1\" conditional_rules=\"[]\"><div class=\"evf-frontend-grid evf-grid-1\" data-grid=\"grid_1\"><div id=\"evf-53-field_muQmiYS76M-7-container\" class=\"evf-field evf-field-radio form-row validate-required\" data-required-field-message=\"Este campo \u00e9 obrigat\u00f3rio.\" data-field-id=\"muQmiYS76M-7\"><label class=\"evf-field-label\" for=\"evf-53-field_muQmiYS76M-7\"><span class=\"evf-label\">J\u00e1 tinha reportado esta situa\u00e7\u00e3o anteriormente?<\/span> <abbr class=\"required\" title=\"Required\">*<\/abbr><\/label><ul id=\"evf-53-field_muQmiYS76M-7\" class=\" evf-field-required\"><li class=\"choice-1 depth-1\"><input type=\"radio\" id=\"evf-53-field_muQmiYS76M-7_1\" class=\"input-text\" name=\"everest_forms[form_fields][muQmiYS76M-7]\" value=\"Sim\" required ><label class=\"everest-forms-field-label-inline\" for=\"evf-53-field_muQmiYS76M-7_1\">Sim<\/label><\/li><li class=\"choice-2 depth-1\"><input type=\"radio\" id=\"evf-53-field_muQmiYS76M-7_2\" class=\"input-text\" name=\"everest_forms[form_fields][muQmiYS76M-7]\" value=\"N\u00e3o\" required ><label class=\"everest-forms-field-label-inline\" for=\"evf-53-field_muQmiYS76M-7_2\">N\u00e3o<\/label><\/li><\/ul><\/div><div id=\"evf-53-field_sf9wR5lTed-8-container\" class=\"evf-field evf-field-text form-row validate-required\" data-required-field-message=\"Este campo \u00e9 obrigat\u00f3rio.\" data-field-id=\"sf9wR5lTed-8\"><label class=\"evf-field-label\" for=\"evf-53-field_sf9wR5lTed-8\"><span class=\"evf-label\">Relativo ao:<\/span> <abbr class=\"required\" title=\"Required\">*<\/abbr><\/label><input type=\"text\" id=\"evf-53-field_sf9wR5lTed-8\" class=\"input-text\" name=\"everest_forms[form_fields][sf9wR5lTed-8]\" required><\/div><div id=\"evf-53-field_8ioOwzJWUD-9-container\" class=\"evf-field evf-field-text form-row validate-required\" data-required-field-message=\"Este campo \u00e9 obrigat\u00f3rio.\" data-field-id=\"8ioOwzJWUD-9\"><label class=\"evf-field-label\" for=\"evf-53-field_8ioOwzJWUD-9\"><span class=\"evf-label\">Qual \u00e9 a sua rela\u00e7\u00e3o com a organiza\u00e7\u00e3o?<\/span> <abbr class=\"required\" title=\"Required\">*<\/abbr><\/label><input type=\"text\" id=\"evf-53-field_8ioOwzJWUD-9\" class=\"input-text\" name=\"everest_forms[form_fields][8ioOwzJWUD-9]\" required><\/div><div id=\"evf-53-field_LjZhRcrZIi-10-container\" class=\"evf-field evf-field-text form-row validate-required\" data-required-field-message=\"Este campo \u00e9 obrigat\u00f3rio.\" data-field-id=\"LjZhRcrZIi-10\"><label class=\"evf-field-label\" for=\"evf-53-field_LjZhRcrZIi-10\"><span class=\"evf-label\">Identifique a \u00e1rea\/dom\u00ednio que ser\u00e1 alvo da sua den\u00fancia.<\/span> <abbr class=\"required\" title=\"Required\">*<\/abbr><\/label><input type=\"text\" id=\"evf-53-field_LjZhRcrZIi-10\" class=\"input-text\" name=\"everest_forms[form_fields][LjZhRcrZIi-10]\" required><\/div><div id=\"evf-53-field_FizJCS6G3K-21-container\" class=\"evf-field evf-field-divider form-row\" data-field-id=\"FizJCS6G3K-21\"><hr id=\"evf-53-field_FizJCS6G3K-21\" class=\"input-text evf-divider default\" name=\"everest_forms[form_fields][FizJCS6G3K-21]\"\/><\/div><\/div><\/div><div class=\"evf-frontend-row\" data-row=\"row_5\" conditional_rules=\"[]\"><div class=\"evf-frontend-grid evf-grid-1\" data-grid=\"grid_1\"><div id=\"evf-53-field_Pv8fsXUXB8-12-container\" class=\"evf-field evf-field-date-time form-row validate-required\" data-required-field-message=\"Este campo \u00e9 obrigat\u00f3rio.\" data-field-id=\"Pv8fsXUXB8-12\"><label class=\"evf-field-label\" for=\"evf-53-field_Pv8fsXUXB8-12\"><span class=\"evf-label\">Data de ocorr\u00eancia:<\/span> <abbr class=\"required\" title=\"Required\">*<\/abbr><\/label><input type=\"text\" id=\"evf-53-field_Pv8fsXUXB8-12\" class=\"flatpickr-field input-text\" name=\"everest_forms[form_fields][Pv8fsXUXB8-12]\" data-time-interval=\"15\" data-date-time=\"date\" data-mode=\"single\" data-locale=\"en\" data-date-format=\"Y-m-d\" required ><\/div><div id=\"evf-53-field_g6jX9Np7Vg-13-container\" class=\"evf-field evf-field-text form-row validate-required\" data-required-field-message=\"Este campo \u00e9 obrigat\u00f3rio.\" data-field-id=\"g6jX9Np7Vg-13\"><label class=\"evf-field-label\" for=\"evf-53-field_g6jX9Np7Vg-13\"><span class=\"evf-label\">Coment\u00e1rios sobre a data:<\/span> <abbr class=\"required\" title=\"Required\">*<\/abbr><\/label><input type=\"text\" id=\"evf-53-field_g6jX9Np7Vg-13\" class=\"input-text\" name=\"everest_forms[form_fields][g6jX9Np7Vg-13]\" required><\/div><div id=\"evf-53-field_QDlZ2QjUtt-14-container\" class=\"evf-field evf-field-text form-row validate-required\" data-required-field-message=\"Este campo \u00e9 obrigat\u00f3rio.\" data-field-id=\"QDlZ2QjUtt-14\"><label class=\"evf-field-label\" for=\"evf-53-field_QDlZ2QjUtt-14\"><span class=\"evf-label\">Com que regularidade aconteceu?<\/span> <abbr class=\"required\" title=\"Required\">*<\/abbr><\/label><input type=\"text\" id=\"evf-53-field_QDlZ2QjUtt-14\" class=\"input-text\" name=\"everest_forms[form_fields][QDlZ2QjUtt-14]\" required><\/div><div id=\"evf-53-field_JHroel9ds7-15-container\" class=\"evf-field evf-field-text form-row validate-required\" data-required-field-message=\"Este campo \u00e9 obrigat\u00f3rio.\" data-field-id=\"JHroel9ds7-15\"><label class=\"evf-field-label\" for=\"evf-53-field_JHroel9ds7-15\"><span class=\"evf-label\">Onde ocorreu?<\/span> <abbr class=\"required\" title=\"Required\">*<\/abbr><\/label><input type=\"text\" id=\"evf-53-field_JHroel9ds7-15\" class=\"input-text\" name=\"everest_forms[form_fields][JHroel9ds7-15]\" required><div class=\"evf-field-description\">\u00c9 importante ser preciso\/a. Por exemplo, se o incidente tiver ocorrido nas instala\u00e7\u00f5es da escola, indique o local, edif\u00edcio, piso e sala.<\/div><\/div><div id=\"evf-53-field_YLZ7XgRU3C-16-container\" class=\"evf-field evf-field-text form-row validate-required\" data-required-field-message=\"Este campo \u00e9 obrigat\u00f3rio.\" data-field-id=\"YLZ7XgRU3C-16\"><label class=\"evf-field-label\" for=\"evf-53-field_YLZ7XgRU3C-16\"><span class=\"evf-label\">Como tomou conhecimento?<\/span> <abbr class=\"required\" title=\"Required\">*<\/abbr><\/label><input type=\"text\" id=\"evf-53-field_YLZ7XgRU3C-16\" class=\"input-text\" name=\"everest_forms[form_fields][YLZ7XgRU3C-16]\" required><\/div><\/div><\/div><div class=\"evf-frontend-row\" data-row=\"row_4\" conditional_rules=\"[]\"><div class=\"evf-frontend-grid evf-grid-1\" data-grid=\"grid_1\"><div id=\"evf-53-field_7UMXB8tKGd-22-container\" class=\"evf-field evf-field-divider form-row\" data-field-id=\"7UMXB8tKGd-22\"><hr id=\"evf-53-field_7UMXB8tKGd-22\" class=\"input-text evf-divider default\" name=\"everest_forms[form_fields][7UMXB8tKGd-22]\"\/><\/div><div id=\"evf-53-field_message-container\" class=\"evf-field evf-field-textarea form-row validate-required\" data-required-field-message=\"Este campo \u00e9 obrigat\u00f3rio.\" data-field-id=\"message\"><label class=\"evf-field-label\" for=\"evf-53-field_message\"><span class=\"evf-label\">Descreva com maior detalhe poss\u00edvel a irregularidade que quer reportar:<\/span> <abbr class=\"required\" title=\"Required\">*<\/abbr><\/label><textarea id=\"evf-53-field_message\" class=\"input-text everest-forms-limit-characters-enabled\" data-form-id=\"53\" data-field-id=\"message\" data-text-limit=\"5000\" name=\"everest_forms[form_fields][message]\" maxlength=\"5000\" required ><\/textarea><div class=\"evf-field-description\">Por favor, descreva o incidente, e inclua todas as pessoas e organiza\u00e7\u00f5es envolvidas, testemunhas, datas e horas, e locais relevantes (o qu\u00ea? como? quem? quando? e onde?). Indique todas as evid\u00eancias (anexos) e pormenores que queira partilhar connosco. A fundamenta\u00e7\u00e3o da den\u00fancia dever\u00e1 conter no m\u00e1ximo 5000 caracteres.<\/div><\/div><div id=\"evf-53-field_EcFKj5o0W4-17-container\" class=\"evf-field evf-field-file-upload form-row\" data-field-id=\"EcFKj5o0W4-17\"><label class=\"evf-field-label\" for=\"evf-53-field_EcFKj5o0W4-17\"><span class=\"evf-label\">Inclua todos os ficheiros que consubstanciem a sua den\u00fanca.<\/span> <\/label>\t\t<div class=\"everest-forms-uploader\"\n\t\t\tdata-field-id=\"EcFKj5o0W4-17\"\n\t\t\tdata-form-id=\"53\"\n\t\t\tdata-input-name=\"everest_forms_53_EcFKj5o0W4-17\"\n\t\t\tdata-extensions=\"png,pdf,jpg,jpeg,\"\n\t\t\tdata-max-size=\"20971520\"\n\t\t\tdata-max-file-number=\"1\"\n\t\t\tdata-post-max-size=\"67108864\"\n\t\t\tdata-current-file-count=\"0\"\n\t\t\t>\n\t\t\t<div class=\"dz-message\">\n\t\t\t\t<svg xmlns=\"http:\/\/www.w3.org\/2000\/svg\" viewBox=\"0 0 32 32\" width=\"32px\" height=\"32px\" fill=\"#868e96\"><path class=\"cls-1\" d=\"M18.12,17.52,17,16.4V25a1,1,0,0,1-2,0V16.4l-1.12,1.12a1,1,0,0,1-1.42,0,1,1,0,0,1,0-1.41l2.83-2.83a1,1,0,0,1,1.42,0l2.83,2.83a1,1,0,0,1-.71,1.7A1,1,0,0,1,18.12,17.52ZM22,22H20a1,1,0,0,1,0-2h2a4,4,0,0,0,.27-8,1,1,0,0,1-.84-.57,6,6,0,0,0-11.36,1.69,1,1,0,0,1-1,.86H9A3,3,0,0,0,9,20h3a1,1,0,0,1,0,2H9a5,5,0,0,1-.75-9.94A8,8,0,0,1,23,10.1,6,6,0,0,1,22,22Z\"\/><\/svg>\n\t\t\t\t<span class=\"everest-forms-upload-title\">\n\t\t\t\t\tarraste para aqui os ficheiros para os carregar\t\t\t\t<\/span>\n\n\t\t\t\t\t\t\t\t\t<span class=\"everest-forms-upload-hint\">\n\t\t\t\t\t\tS\u00e3o permitidos no m\u00e1ximo 5 documentos.\t\t\t\t\t<\/span>\n\t\t\t\t\t\t\t<\/div>\n\t\t\t\t\t<\/div>\n\t\t<input type=\"text\" class=\"dropzone-input input-text\" id=\"everest-forms-53-field_EcFKj5o0W4-17\" name=\"everest_forms_53_EcFKj5o0W4-17\"  conditional_id=\"\" conditional_rules=''>\n\t\t<\/div><div id=\"evf-53-field_R7pIZID1ut-18-container\" class=\"evf-field evf-field-checkbox form-row validate-required\" data-required-field-message=\"Este campo \u00e9 obrigat\u00f3rio.\" data-field-id=\"R7pIZID1ut-18\"><label class=\"evf-field-label\" for=\"evf-53-field_R7pIZID1ut-18\"><span class=\"evf-label\">RGPD<\/span> <abbr class=\"required\" title=\"Required\">*<\/abbr><\/label><ul id=\"evf-53-field_R7pIZID1ut-18\" class=\" evf-field-required\"><li class=\"choice-1 depth-1\"><input type=\"checkbox\" id=\"evf-53-field_R7pIZID1ut-18_1\" class=\"input-text\" name=\"everest_forms[form_fields][R7pIZID1ut-18][]\" value=\"Autorizo o tratamento dos dados de acordo com a pol\u00edtica de prote\u00e7\u00e3o de dados pessoais do Agrupamento de Escolas de Macedo de Cavaleiros.\" required ><label class=\"everest-forms-field-label-inline\" for=\"evf-53-field_R7pIZID1ut-18_1\">Autorizo o tratamento dos dados de acordo com a pol\u00edtica de prote\u00e7\u00e3o de dados pessoais do Agrupamento de Escolas de Macedo de Cavaleiros.<\/label><\/li><\/ul><\/div><\/div><\/div><div class=\"evf-frontend-row\" data-row=\"row_9\" conditional_rules=\"[]\"><div class=\"evf-frontend-grid evf-grid-1\" data-grid=\"grid_1\"><div id=\"evf-53-field_OPixwu9nRg-23-container\" class=\"evf-field evf-field-divider form-row\" data-field-id=\"OPixwu9nRg-23\"><hr id=\"evf-53-field_OPixwu9nRg-23\" class=\"input-text evf-divider default\" name=\"everest_forms[form_fields][OPixwu9nRg-23]\"\/><\/div><\/div><\/div><\/div><div class=\"evf-honeypot-container evf-field-hp\"><label for=\"evf-53-field-hp\" class=\"evf-field-label\">Phone<\/label><input type=\"text\" name=\"everest_forms[hp]\" id=\"evf-53-field-hp\" class=\"input-text\"><\/div><div class=\"evf-submit-container \" ><input type=\"hidden\" name=\"everest_forms[id]\" value=\"53\"><input type=\"hidden\" name=\"everest_forms[author]\" value=\"1\"><button type='submit' name='everest_forms[submit]' class='everest-forms-submit-button button evf-submit ' id='evf-submit-53' value='evf-submit' data-process-text=\"Processando\u2026\" conditional_rules='&quot;&quot;' conditional_id='evf-submit-53'  id=\"evf-submit-53\" aria-live=\"assertive\">Submeter<\/button><\/div><\/form><\/div><!-- .evf-container --><\/div>\n\n\n\n<p><\/p>\n","protected":false},"excerpt":{"rendered":"<p>Registo de den\u00fancia<\/p>\n","protected":false},"author":1,"featured_media":0,"parent":0,"menu_order":0,"comment_status":"open","ping_status":"open","template":"page-templates\/contact.php","meta":{"colormag_page_container_layout":"no_sidebar_full_width","colormag_page_sidebar_layout":"right_sidebar","ngg_post_thumbnail":0,"iawp_total_views":108,"footnotes":"","_links_to":"","_links_to_target":""},"class_list":["post-7762","page","type-page","status-publish","hentry"],"_links":{"self":[{"href":"https:\/\/www.aemc.pt\/portal\/index.php\/wp-json\/wp\/v2\/pages\/7762","targetHints":{"allow":["GET"]}}],"collection":[{"href":"https:\/\/www.aemc.pt\/portal\/index.php\/wp-json\/wp\/v2\/pages"}],"about":[{"href":"https:\/\/www.aemc.pt\/portal\/index.php\/wp-json\/wp\/v2\/types\/page"}],"author":[{"embeddable":true,"href":"https:\/\/www.aemc.pt\/portal\/index.php\/wp-json\/wp\/v2\/users\/1"}],"replies":[{"embeddable":true,"href":"https:\/\/www.aemc.pt\/portal\/index.php\/wp-json\/wp\/v2\/comments?post=7762"}],"version-history":[{"count":4,"href":"https:\/\/www.aemc.pt\/portal\/index.php\/wp-json\/wp\/v2\/pages\/7762\/revisions"}],"predecessor-version":[{"id":7767,"href":"https:\/\/www.aemc.pt\/portal\/index.php\/wp-json\/wp\/v2\/pages\/7762\/revisions\/7767"}],"wp:attachment":[{"href":"https:\/\/www.aemc.pt\/portal\/index.php\/wp-json\/wp\/v2\/media?parent=7762"}],"curies":[{"name":"wp","href":"https:\/\/api.w.org\/{rel}","templated":true}]}}